{"id":712125,"date":"2024-10-15T17:46:54","date_gmt":"2024-10-15T15:46:54","guid":{"rendered":"https:\/\/streetmarkets.fr\/app\/produit\/collier-alu-brosse-et-corne-noire\/"},"modified":"2026-05-06T01:43:22","modified_gmt":"2026-05-05T23:43:22","slug":"collier-alu-brosse-et-corne-noire","status":"publish","type":"product","link":"https:\/\/streetmarkets.fr\/app\/produit\/collier-alu-brosse-et-corne-noire\/","title":{"rendered":"Collier alu bross\u00e9 et corne noire"},"content":{"rendered":"<ul>\n<li>sautoir 5 breloques en alu bross\u00e9 et corne noire<\/li>\n<li>cha\u00eene serpent en acier inoxydable\u00a0<\/li>\n<li>mat\u00e9riaux<span>\u00a0<\/span><strong>durables<\/strong><span>\u00a0<\/span>garantis sans nickel<\/li>\n<li><strong>commerce \u00e9quitable<\/strong><\/li>\n<li>\u00e9labor\u00e9 \u00e0 la main dans les ateliers d&#8217;Utrecht de<strong><span>\u00a0<\/span>Culture Mix<\/strong>\n<\/li>\n<\/ul>\n","protected":false},"excerpt":{"rendered":"<p>sautoir 5 breloques en alu bross\u00e9 et corne noire cha\u00eene serpent en acier inoxydable\u00a0 mat\u00e9riaux\u00a0durables\u00a0garantis sans nickel commerce \u00e9quitable \u00e9labor\u00e9 \u00e0 la main dans les ateliers d&#8217;Utrecht de\u00a0Culture Mix<\/p>\n","protected":false},"featured_media":712126,"comment_status":"open","ping_status":"closed","template":"","meta":[],"product_brand":[],"product_cat":[1807,1756],"product_tag":[1810,1813],"acf":[],"_links":{"self":[{"href":"https:\/\/streetmarkets.fr\/app\/wp-json\/wp\/v2\/product\/712125"}],"collection":[{"href":"https:\/\/streetmarkets.fr\/app\/wp-json\/wp\/v2\/product"}],"about":[{"href":"https:\/\/streetmarkets.fr\/app\/wp-json\/wp\/v2\/types\/product"}],"replies":[{"embeddable":true,"href":"https:\/\/streetmarkets.fr\/app\/wp-json\/wp\/v2\/comments?post=712125"}],"wp:featuredmedia":[{"embeddable":true,"href":"https:\/\/streetmarkets.fr\/app\/wp-json\/wp\/v2\/media\/712126"}],"wp:attachment":[{"href":"https:\/\/streetmarkets.fr\/app\/wp-json\/wp\/v2\/media?parent=712125"}],"wp:term":[{"taxonomy":"product_brand","embeddable":true,"href":"https:\/\/streetmarkets.fr\/app\/wp-json\/wp\/v2\/product_brand?post=712125"},{"taxonomy":"product_cat","embeddable":true,"href":"https:\/\/streetmarkets.fr\/app\/wp-json\/wp\/v2\/product_cat?post=712125"},{"taxonomy":"product_tag","embeddable":true,"href":"https:\/\/streetmarkets.fr\/app\/wp-json\/wp\/v2\/product_tag?post=712125"}],"curies":[{"name":"wp","href":"https:\/\/api.w.org\/{rel}","templated":true}]}}