{"id":712106,"date":"2024-10-15T17:46:53","date_gmt":"2024-10-15T15:46:53","guid":{"rendered":"https:\/\/streetmarkets.fr\/app\/produit\/pull-ada-col-montant-en-cachemire-recycle\/"},"modified":"2026-05-16T01:43:06","modified_gmt":"2026-05-15T23:43:06","slug":"pull-ada-col-montant-en-cachemire-recycle","status":"publish","type":"product","link":"https:\/\/streetmarkets.fr\/app\/produit\/pull-ada-col-montant-en-cachemire-recycle\/","title":{"rendered":"Pull Ada col montant en cachemire recycl\u00e9"},"content":{"rendered":"<ul>\n<li>pull en <strong>cachemire<\/strong>\u00a0<\/li>\n<li>col <strong>chemin\u00e9e<\/strong>\n<\/li>\n<li>c\u00f4tes au col, aux poignets et \u00e0 la taille<\/li>\n<li>coupe ajust\u00e9e<\/li>\n<li>95% <strong>cachemire<\/strong> <strong data-mce-fragment=\"1\">recycl\u00e9\u00a0<\/strong>5% <strong>laine recycl\u00e9e<\/strong>\n<\/li>\n<li>disponible en bleu marine ou noir<\/li>\n<li>fibre douce et tr\u00e8s confortable<\/li>\n<li>lavage \u00e0 la main conseill\u00e9<\/li>\n<li>fils recycl\u00e9s certifi\u00e9s : <strong>\u00e9conomie circulaire<\/strong>\n<\/li>\n<li>marque \u00e9thique italienne\u00a0<a href=\"https:\/\/lesouriremulticolore.com\/collections\/rifo-marque-mode-engagee-italienne-de-l-economie-circulaire\/bonnet+cachemire+mitaines\" title=\"Rifo marque engag\u00e9e de la mode circulaire\"><strong>Rifo <\/strong><\/a>certifi\u00e9e<strong> B-CORP<\/strong>\n<\/li>\n<\/ul>\n","protected":false},"excerpt":{"rendered":"<p>pull en cachemire\u00a0 col chemin\u00e9e c\u00f4tes au col, aux poignets et \u00e0 la taille coupe ajust\u00e9e 95% cachemire recycl\u00e9\u00a05% laine recycl\u00e9e disponible en bleu marine ou noir fibre douce et tr\u00e8s confortable lavage \u00e0 la main conseill\u00e9 fils recycl\u00e9s certifi\u00e9s : \u00e9conomie circulaire marque \u00e9thique italienne\u00a0Rifo certifi\u00e9e B-CORP<\/p>\n","protected":false},"featured_media":712107,"comment_status":"open","ping_status":"closed","template":"","meta":[],"product_brand":[],"product_cat":[1756,1762],"product_tag":[1810],"acf":[],"_links":{"self":[{"href":"https:\/\/streetmarkets.fr\/app\/wp-json\/wp\/v2\/product\/712106"}],"collection":[{"href":"https:\/\/streetmarkets.fr\/app\/wp-json\/wp\/v2\/product"}],"about":[{"href":"https:\/\/streetmarkets.fr\/app\/wp-json\/wp\/v2\/types\/product"}],"replies":[{"embeddable":true,"href":"https:\/\/streetmarkets.fr\/app\/wp-json\/wp\/v2\/comments?post=712106"}],"wp:featuredmedia":[{"embeddable":true,"href":"https:\/\/streetmarkets.fr\/app\/wp-json\/wp\/v2\/media\/712107"}],"wp:attachment":[{"href":"https:\/\/streetmarkets.fr\/app\/wp-json\/wp\/v2\/media?parent=712106"}],"wp:term":[{"taxonomy":"product_brand","embeddable":true,"href":"https:\/\/streetmarkets.fr\/app\/wp-json\/wp\/v2\/product_brand?post=712106"},{"taxonomy":"product_cat","embeddable":true,"href":"https:\/\/streetmarkets.fr\/app\/wp-json\/wp\/v2\/product_cat?post=712106"},{"taxonomy":"product_tag","embeddable":true,"href":"https:\/\/streetmarkets.fr\/app\/wp-json\/wp\/v2\/product_tag?post=712106"}],"curies":[{"name":"wp","href":"https:\/\/api.w.org\/{rel}","templated":true}]}}