{"id":712067,"date":"2024-10-15T17:46:50","date_gmt":"2024-10-15T15:46:50","guid":{"rendered":"https:\/\/streetmarkets.fr\/app\/produit\/pochette-kit-a-demaquillage\/"},"modified":"2026-05-06T01:43:21","modified_gmt":"2026-05-05T23:43:21","slug":"pochette-kit-a-demaquillage","status":"publish","type":"product","link":"https:\/\/streetmarkets.fr\/app\/produit\/pochette-kit-a-demaquillage\/","title":{"rendered":"Pochette kit \u00e0 d\u00e9maquillage"},"content":{"rendered":"<ul>\n<li>pochette contenant 4 cotons lavables double face (coton certifi\u00e9 gots)<\/li>\n<li>tissu cambodgien artisanal<\/li>\n<li>ferm\u00e9 par un bouton pression<\/li>\n<li>doublure en coton uni upcycl\u00e9<\/li>\n<li>dimensions : 13 cm x 11 cm x 3 cm<\/li>\n<\/ul>\n<p>Le &#8220;z\u00e9ro d\u00e9chet&#8221; raffin\u00e9 !<\/p>\n","protected":false},"excerpt":{"rendered":"<p>pochette contenant 4 cotons lavables double face (coton certifi\u00e9 gots) tissu cambodgien artisanal ferm\u00e9 par un bouton pression doublure en coton uni upcycl\u00e9 dimensions : 13 cm x 11 cm x 3 cm Le &#8220;z\u00e9ro d\u00e9chet&#8221; raffin\u00e9 !<\/p>\n","protected":false},"featured_media":712068,"comment_status":"open","ping_status":"closed","template":"","meta":[],"product_brand":[],"product_cat":[1756,1764],"product_tag":[1810,1813],"acf":[],"_links":{"self":[{"href":"https:\/\/streetmarkets.fr\/app\/wp-json\/wp\/v2\/product\/712067"}],"collection":[{"href":"https:\/\/streetmarkets.fr\/app\/wp-json\/wp\/v2\/product"}],"about":[{"href":"https:\/\/streetmarkets.fr\/app\/wp-json\/wp\/v2\/types\/product"}],"replies":[{"embeddable":true,"href":"https:\/\/streetmarkets.fr\/app\/wp-json\/wp\/v2\/comments?post=712067"}],"wp:featuredmedia":[{"embeddable":true,"href":"https:\/\/streetmarkets.fr\/app\/wp-json\/wp\/v2\/media\/712068"}],"wp:attachment":[{"href":"https:\/\/streetmarkets.fr\/app\/wp-json\/wp\/v2\/media?parent=712067"}],"wp:term":[{"taxonomy":"product_brand","embeddable":true,"href":"https:\/\/streetmarkets.fr\/app\/wp-json\/wp\/v2\/product_brand?post=712067"},{"taxonomy":"product_cat","embeddable":true,"href":"https:\/\/streetmarkets.fr\/app\/wp-json\/wp\/v2\/product_cat?post=712067"},{"taxonomy":"product_tag","embeddable":true,"href":"https:\/\/streetmarkets.fr\/app\/wp-json\/wp\/v2\/product_tag?post=712067"}],"curies":[{"name":"wp","href":"https:\/\/api.w.org\/{rel}","templated":true}]}}