{"id":712061,"date":"2024-10-15T17:46:50","date_gmt":"2024-10-15T15:46:50","guid":{"rendered":"https:\/\/streetmarkets.fr\/app\/produit\/portefeuille-en-coton-cire\/"},"modified":"2026-05-06T01:43:21","modified_gmt":"2026-05-05T23:43:21","slug":"portefeuille-en-coton-cire","status":"publish","type":"product","link":"https:\/\/streetmarkets.fr\/app\/produit\/portefeuille-en-coton-cire\/","title":{"rendered":"Portefeuille en coton cir\u00e9"},"content":{"rendered":"<ul>\n<li>portefeuille en <strong>coton cir\u00e9<\/strong> imprim\u00e9<\/li>\n<li><strong>imperm\u00e9able<\/strong><\/li>\n<li>1 fermeture \u00e9clair<\/li>\n<li>int\u00e9rieur ; 1 compartiment ferm\u00e9 par zip et 8 rangements<\/li>\n<li>dimensions : 12,5 cm x 9,5 cm x 1,5 cm<\/li>\n<li>r\u00e9alis\u00e9 au Vietnam par un atelier de <strong>commerce \u00e9quitable<\/strong> labellis\u00e9 <strong>WFTO<\/strong> (<strong>World Fairtrade Organization<\/strong>)<\/li>\n<li>marque \u00e9thique\u00a0<strong>Earth Squared Ltd <\/strong>(membre de la<strong>\u00a0<span>British Association of Fair Trade Shops and Suppliers : BAFTS)<\/span>\u00a0<\/strong>\n<\/li>\n<\/ul>\n","protected":false},"excerpt":{"rendered":"<p>portefeuille en coton cir\u00e9 imprim\u00e9 imperm\u00e9able 1 fermeture \u00e9clair int\u00e9rieur ; 1 compartiment ferm\u00e9 par zip et 8 rangements dimensions : 12,5 cm x 9,5 cm x 1,5 cm r\u00e9alis\u00e9 au Vietnam par un atelier de commerce \u00e9quitable labellis\u00e9 WFTO (World Fairtrade Organization) marque \u00e9thique\u00a0Earth Squared Ltd (membre de la\u00a0British Association of Fair Trade Shops [&hellip;]<\/p>\n","protected":false},"featured_media":712062,"comment_status":"open","ping_status":"closed","template":"","meta":[],"product_brand":[],"product_cat":[1756,1764],"product_tag":[1810,1813],"acf":[],"_links":{"self":[{"href":"https:\/\/streetmarkets.fr\/app\/wp-json\/wp\/v2\/product\/712061"}],"collection":[{"href":"https:\/\/streetmarkets.fr\/app\/wp-json\/wp\/v2\/product"}],"about":[{"href":"https:\/\/streetmarkets.fr\/app\/wp-json\/wp\/v2\/types\/product"}],"replies":[{"embeddable":true,"href":"https:\/\/streetmarkets.fr\/app\/wp-json\/wp\/v2\/comments?post=712061"}],"wp:featuredmedia":[{"embeddable":true,"href":"https:\/\/streetmarkets.fr\/app\/wp-json\/wp\/v2\/media\/712062"}],"wp:attachment":[{"href":"https:\/\/streetmarkets.fr\/app\/wp-json\/wp\/v2\/media?parent=712061"}],"wp:term":[{"taxonomy":"product_brand","embeddable":true,"href":"https:\/\/streetmarkets.fr\/app\/wp-json\/wp\/v2\/product_brand?post=712061"},{"taxonomy":"product_cat","embeddable":true,"href":"https:\/\/streetmarkets.fr\/app\/wp-json\/wp\/v2\/product_cat?post=712061"},{"taxonomy":"product_tag","embeddable":true,"href":"https:\/\/streetmarkets.fr\/app\/wp-json\/wp\/v2\/product_tag?post=712061"}],"curies":[{"name":"wp","href":"https:\/\/api.w.org\/{rel}","templated":true}]}}