{"id":712050,"date":"2024-10-15T17:46:49","date_gmt":"2024-10-15T15:46:49","guid":{"rendered":"https:\/\/streetmarkets.fr\/app\/produit\/bracelet-planada-en-ivoire-vegetal\/"},"modified":"2026-05-06T01:43:21","modified_gmt":"2026-05-05T23:43:21","slug":"bracelet-planada-en-ivoire-vegetal","status":"publish","type":"product","link":"https:\/\/streetmarkets.fr\/app\/produit\/bracelet-planada-en-ivoire-vegetal\/","title":{"rendered":"Bracelet Planada en ivoire v\u00e9g\u00e9tal"},"content":{"rendered":"<ul data-mce-fragment=\"1\">\n<li data-mce-fragment=\"1\">bracelet manchette \u00e9lastiqu\u00e9<\/li>\n<li data-mce-fragment=\"1\">perles rectangulaires et une perle carr\u00e9e<\/li>\n<li data-mce-fragment=\"1\">en<strong data-mce-fragment=\"1\"> ivoire v\u00e9g\u00e9tal<\/strong>\n<\/li>\n<li data-mce-fragment=\"1\">noix de<strong data-mce-fragment=\"1\"><span data-mce-fragment=\"1\">\u00a0<\/span>tagua<span data-mce-fragment=\"1\">\u00a0<\/span><\/strong>:<strong data-mce-fragment=\"1\"><span data-mce-fragment=\"1\">\u00a0<\/span><\/strong>albumen durci du fruit d&#8217;un palmier d&#8217;Am\u00e9rique du sud<\/li>\n<li data-mce-fragment=\"1\">r\u00e9alis\u00e9 par des artisan.e.s en<strong data-mce-fragment=\"1\">\u00a0Equateur<\/strong>\n<\/li>\n<li data-mce-fragment=\"1\"><strong data-mce-fragment=\"1\">commerce \u00e9quitable<\/strong><\/li>\n<li data-mce-fragment=\"1\">marque<span data-mce-fragment=\"1\">\u00a0<\/span><strong data-mce-fragment=\"1\">Tagua and co<\/strong>\n<\/li>\n<\/ul>\n","protected":false},"excerpt":{"rendered":"<p>bracelet manchette \u00e9lastiqu\u00e9 perles rectangulaires et une perle carr\u00e9e en ivoire v\u00e9g\u00e9tal noix de\u00a0tagua\u00a0:\u00a0albumen durci du fruit d&#8217;un palmier d&#8217;Am\u00e9rique du sud r\u00e9alis\u00e9 par des artisan.e.s en\u00a0Equateur commerce \u00e9quitable marque\u00a0Tagua and co<\/p>\n","protected":false},"featured_media":712051,"comment_status":"open","ping_status":"closed","template":"","meta":[],"product_brand":[],"product_cat":[1807,1756],"product_tag":[1810,1813],"acf":[],"_links":{"self":[{"href":"https:\/\/streetmarkets.fr\/app\/wp-json\/wp\/v2\/product\/712050"}],"collection":[{"href":"https:\/\/streetmarkets.fr\/app\/wp-json\/wp\/v2\/product"}],"about":[{"href":"https:\/\/streetmarkets.fr\/app\/wp-json\/wp\/v2\/types\/product"}],"replies":[{"embeddable":true,"href":"https:\/\/streetmarkets.fr\/app\/wp-json\/wp\/v2\/comments?post=712050"}],"wp:featuredmedia":[{"embeddable":true,"href":"https:\/\/streetmarkets.fr\/app\/wp-json\/wp\/v2\/media\/712051"}],"wp:attachment":[{"href":"https:\/\/streetmarkets.fr\/app\/wp-json\/wp\/v2\/media?parent=712050"}],"wp:term":[{"taxonomy":"product_brand","embeddable":true,"href":"https:\/\/streetmarkets.fr\/app\/wp-json\/wp\/v2\/product_brand?post=712050"},{"taxonomy":"product_cat","embeddable":true,"href":"https:\/\/streetmarkets.fr\/app\/wp-json\/wp\/v2\/product_cat?post=712050"},{"taxonomy":"product_tag","embeddable":true,"href":"https:\/\/streetmarkets.fr\/app\/wp-json\/wp\/v2\/product_tag?post=712050"}],"curies":[{"name":"wp","href":"https:\/\/api.w.org\/{rel}","templated":true}]}}