{"id":712038,"date":"2024-10-15T17:46:23","date_gmt":"2024-10-15T15:46:23","guid":{"rendered":"https:\/\/streetmarkets.fr\/app\/produit\/pendentif-hojas-en-ivoire-vegetal\/"},"modified":"2026-05-06T01:43:21","modified_gmt":"2026-05-05T23:43:21","slug":"pendentif-hojas-en-ivoire-vegetal","status":"publish","type":"product","link":"https:\/\/streetmarkets.fr\/app\/produit\/pendentif-hojas-en-ivoire-vegetal\/","title":{"rendered":"Pendentif Hojas en ivoire v\u00e9g\u00e9tal"},"content":{"rendered":"<ul>\n<li>pendentif <strong>feuilles<\/strong> en <strong>ivoire v\u00e9g\u00e9tal<\/strong>\n<\/li>\n<li>\n<span>noix de\u00a0<\/span><strong>tagua<\/strong><span>\u00a0: albumen durci du fruit d&#8217;un palmier d&#8217;Am\u00e9rique du sud<\/span>\n<\/li>\n<li>cordon r\u00e9glable<\/li>\n<li>r\u00e9alis\u00e9 par des artisans en <strong>Equateur<\/strong>\n<\/li>\n<li><strong>commerce \u00e9quitable<\/strong><\/li>\n<li>marque<strong> Tagua and Co<\/strong>\n<\/li>\n<\/ul>\n","protected":false},"excerpt":{"rendered":"<p>pendentif feuilles en ivoire v\u00e9g\u00e9tal noix de\u00a0tagua\u00a0: albumen durci du fruit d&#8217;un palmier d&#8217;Am\u00e9rique du sud cordon r\u00e9glable r\u00e9alis\u00e9 par des artisans en Equateur commerce \u00e9quitable marque Tagua and Co<\/p>\n","protected":false},"featured_media":712039,"comment_status":"open","ping_status":"closed","template":"","meta":[],"product_brand":[],"product_cat":[1807,1756],"product_tag":[1810,1813],"acf":[],"_links":{"self":[{"href":"https:\/\/streetmarkets.fr\/app\/wp-json\/wp\/v2\/product\/712038"}],"collection":[{"href":"https:\/\/streetmarkets.fr\/app\/wp-json\/wp\/v2\/product"}],"about":[{"href":"https:\/\/streetmarkets.fr\/app\/wp-json\/wp\/v2\/types\/product"}],"replies":[{"embeddable":true,"href":"https:\/\/streetmarkets.fr\/app\/wp-json\/wp\/v2\/comments?post=712038"}],"wp:featuredmedia":[{"embeddable":true,"href":"https:\/\/streetmarkets.fr\/app\/wp-json\/wp\/v2\/media\/712039"}],"wp:attachment":[{"href":"https:\/\/streetmarkets.fr\/app\/wp-json\/wp\/v2\/media?parent=712038"}],"wp:term":[{"taxonomy":"product_brand","embeddable":true,"href":"https:\/\/streetmarkets.fr\/app\/wp-json\/wp\/v2\/product_brand?post=712038"},{"taxonomy":"product_cat","embeddable":true,"href":"https:\/\/streetmarkets.fr\/app\/wp-json\/wp\/v2\/product_cat?post=712038"},{"taxonomy":"product_tag","embeddable":true,"href":"https:\/\/streetmarkets.fr\/app\/wp-json\/wp\/v2\/product_tag?post=712038"}],"curies":[{"name":"wp","href":"https:\/\/api.w.org\/{rel}","templated":true}]}}