{"id":711950,"date":"2024-10-15T17:46:16","date_gmt":"2024-10-15T15:46:16","guid":{"rendered":"https:\/\/streetmarkets.fr\/app\/produit\/sac-bandouliere-telephone-en-coton-cire\/"},"modified":"2026-04-25T01:43:13","modified_gmt":"2026-04-24T23:43:13","slug":"sac-bandouliere-telephone-en-coton-cire","status":"publish","type":"product","link":"https:\/\/streetmarkets.fr\/app\/produit\/sac-bandouliere-telephone-en-coton-cire\/","title":{"rendered":"Sac bandouli\u00e8re t\u00e9l\u00e9phone en coton cir\u00e9"},"content":{"rendered":"<ul>\n<li>petit sac bandouli\u00e8re r\u00e9glable<\/li>\n<li>100% <b>coton cir\u00e9\u00a0<\/b>\n<\/li>\n<li>une<strong> poche zipp\u00e9e <\/strong>devant \u00e0 l&#8217;ext\u00e9rieur<\/li>\n<li>int\u00e9rieur satin\u00e9<\/li>\n<li>dimensions : 13 cm x 18 cm x 4 cm<\/li>\n<li>r\u00e9alis\u00e9 au Vietnam par un atelier de <strong>commerce \u00e9quitable<\/strong> labellis\u00e9 <strong>WFTO<\/strong> (<strong>World Fairtrade Organization<\/strong>)<\/li>\n<li>marque \u00e9thique\u00a0<strong>Earth Squared Ltd <\/strong>(membre de la<strong>\u00a0<span>British Association of Fair Trade Shops and Suppliers : BAFTS)<\/span>\u00a0<\/strong>\n<\/li>\n<\/ul>\n","protected":false},"excerpt":{"rendered":"<p>petit sac bandouli\u00e8re r\u00e9glable 100% coton cir\u00e9\u00a0 une poche zipp\u00e9e devant \u00e0 l&#8217;ext\u00e9rieur int\u00e9rieur satin\u00e9 dimensions : 13 cm x 18 cm x 4 cm r\u00e9alis\u00e9 au Vietnam par un atelier de commerce \u00e9quitable labellis\u00e9 WFTO (World Fairtrade Organization) marque \u00e9thique\u00a0Earth Squared Ltd (membre de la\u00a0British Association of Fair Trade Shops and Suppliers : BAFTS)\u00a0<\/p>\n","protected":false},"featured_media":711951,"comment_status":"open","ping_status":"closed","template":"","meta":[],"product_brand":[],"product_cat":[1756,1764],"product_tag":[1810],"acf":[],"_links":{"self":[{"href":"https:\/\/streetmarkets.fr\/app\/wp-json\/wp\/v2\/product\/711950"}],"collection":[{"href":"https:\/\/streetmarkets.fr\/app\/wp-json\/wp\/v2\/product"}],"about":[{"href":"https:\/\/streetmarkets.fr\/app\/wp-json\/wp\/v2\/types\/product"}],"replies":[{"embeddable":true,"href":"https:\/\/streetmarkets.fr\/app\/wp-json\/wp\/v2\/comments?post=711950"}],"wp:featuredmedia":[{"embeddable":true,"href":"https:\/\/streetmarkets.fr\/app\/wp-json\/wp\/v2\/media\/711951"}],"wp:attachment":[{"href":"https:\/\/streetmarkets.fr\/app\/wp-json\/wp\/v2\/media?parent=711950"}],"wp:term":[{"taxonomy":"product_brand","embeddable":true,"href":"https:\/\/streetmarkets.fr\/app\/wp-json\/wp\/v2\/product_brand?post=711950"},{"taxonomy":"product_cat","embeddable":true,"href":"https:\/\/streetmarkets.fr\/app\/wp-json\/wp\/v2\/product_cat?post=711950"},{"taxonomy":"product_tag","embeddable":true,"href":"https:\/\/streetmarkets.fr\/app\/wp-json\/wp\/v2\/product_tag?post=711950"}],"curies":[{"name":"wp","href":"https:\/\/api.w.org\/{rel}","templated":true}]}}