{"id":711905,"date":"2024-10-15T17:46:12","date_gmt":"2024-10-15T15:46:12","guid":{"rendered":"https:\/\/streetmarkets.fr\/app\/produit\/sac-a-dos-fleuri-en-toile-de-coton\/"},"modified":"2026-05-09T01:43:13","modified_gmt":"2026-05-08T23:43:13","slug":"sac-a-dos-fleuri-en-toile-de-coton","status":"publish","type":"product","link":"https:\/\/streetmarkets.fr\/app\/produit\/sac-a-dos-fleuri-en-toile-de-coton\/","title":{"rendered":"Sac \u00e0 dos fleuri en toile de coton"},"content":{"rendered":"<ul>\n<li>sac \u00e0 dos\u00a0<\/li>\n<li>imprim\u00e9 floral<\/li>\n<li>dimensions : 32 cm x 28 cm x 10 cm<\/li>\n<li>bretelles r\u00e9glables<\/li>\n<li data-mce-fragment=\"1\">fermeture \u00e9clair sur le dessus<\/li>\n<li data-mce-fragment=\"1\">grande\u00a0<strong>poche<\/strong>\u00a0zipp\u00e9e sur le devant\u00a0<\/li>\n<li data-mce-fragment=\"1\">r\u00e9alis\u00e9 au <strong>Vietnam<\/strong> par un atelier de<span data-mce-fragment=\"1\">\u00a0<\/span><strong data-mce-fragment=\"1\">commerce \u00e9quitable<\/strong><span data-mce-fragment=\"1\">\u00a0<\/span>labellis\u00e9<span data-mce-fragment=\"1\">\u00a0<\/span><strong data-mce-fragment=\"1\">WFTO<\/strong><span data-mce-fragment=\"1\">\u00a0<\/span>(<strong data-mce-fragment=\"1\">World Fairtrade Organization<\/strong>)<\/li>\n<li data-mce-fragment=\"1\">marque<span data-mce-fragment=\"1\">\u00a0<\/span><strong data-mce-fragment=\"1\">Earth Squared Ltd<span data-mce-fragment=\"1\">\u00a0<\/span><\/strong>(membre de la<strong data-mce-fragment=\"1\">\u00a0<span data-mce-fragment=\"1\">British Association of Fair Trade Shops and Suppliers : BAFTS)<\/span>\u00a0<\/strong>\n<\/li>\n<\/ul>\n<p><span style=\"font-size: 1.4em\">Le <strong>sac \u00e0 dos<\/strong> indispensable pour vos<strong> balades<\/strong> !<\/span><\/p>\n<ul><\/ul>\n","protected":false},"excerpt":{"rendered":"<p>sac \u00e0 dos\u00a0 imprim\u00e9 floral dimensions : 32 cm x 28 cm x 10 cm bretelles r\u00e9glables fermeture \u00e9clair sur le dessus grande\u00a0poche\u00a0zipp\u00e9e sur le devant\u00a0 r\u00e9alis\u00e9 au Vietnam par un atelier de\u00a0commerce \u00e9quitable\u00a0labellis\u00e9\u00a0WFTO\u00a0(World Fairtrade Organization) marque\u00a0Earth Squared Ltd\u00a0(membre de la\u00a0British Association of Fair Trade Shops and Suppliers : BAFTS)\u00a0 Le sac \u00e0 dos indispensable [&hellip;]<\/p>\n","protected":false},"featured_media":711906,"comment_status":"open","ping_status":"closed","template":"","meta":[],"product_brand":[],"product_cat":[1756,1764],"product_tag":[1810],"acf":[],"_links":{"self":[{"href":"https:\/\/streetmarkets.fr\/app\/wp-json\/wp\/v2\/product\/711905"}],"collection":[{"href":"https:\/\/streetmarkets.fr\/app\/wp-json\/wp\/v2\/product"}],"about":[{"href":"https:\/\/streetmarkets.fr\/app\/wp-json\/wp\/v2\/types\/product"}],"replies":[{"embeddable":true,"href":"https:\/\/streetmarkets.fr\/app\/wp-json\/wp\/v2\/comments?post=711905"}],"wp:featuredmedia":[{"embeddable":true,"href":"https:\/\/streetmarkets.fr\/app\/wp-json\/wp\/v2\/media\/711906"}],"wp:attachment":[{"href":"https:\/\/streetmarkets.fr\/app\/wp-json\/wp\/v2\/media?parent=711905"}],"wp:term":[{"taxonomy":"product_brand","embeddable":true,"href":"https:\/\/streetmarkets.fr\/app\/wp-json\/wp\/v2\/product_brand?post=711905"},{"taxonomy":"product_cat","embeddable":true,"href":"https:\/\/streetmarkets.fr\/app\/wp-json\/wp\/v2\/product_cat?post=711905"},{"taxonomy":"product_tag","embeddable":true,"href":"https:\/\/streetmarkets.fr\/app\/wp-json\/wp\/v2\/product_tag?post=711905"}],"curies":[{"name":"wp","href":"https:\/\/api.w.org\/{rel}","templated":true}]}}