{"id":711829,"date":"2024-10-15T17:45:41","date_gmt":"2024-10-15T15:45:41","guid":{"rendered":"https:\/\/streetmarkets.fr\/app\/produit\/bracelet-perlita-en-ivoire-vegetal\/"},"modified":"2026-05-06T01:43:20","modified_gmt":"2026-05-05T23:43:20","slug":"bracelet-perlita-en-ivoire-vegetal","status":"publish","type":"product","link":"https:\/\/streetmarkets.fr\/app\/produit\/bracelet-perlita-en-ivoire-vegetal\/","title":{"rendered":"Bracelet Perlita en ivoire v\u00e9g\u00e9tal"},"content":{"rendered":"<ul data-mce-fragment=\"1\">\n<li data-mce-fragment=\"1\">bracelet double (l&#8217;un uni et l&#8217;autre multicolore)<\/li>\n<li data-mce-fragment=\"1\">petites perles de tagua<\/li>\n<li data-mce-fragment=\"1\">\u00e9lastiqu\u00e9<\/li>\n<li data-mce-fragment=\"1\">en<strong data-mce-fragment=\"1\"> ivoire v\u00e9g\u00e9tal<\/strong>\n<\/li>\n<li data-mce-fragment=\"1\">noix de<strong data-mce-fragment=\"1\"><span data-mce-fragment=\"1\">\u00a0<\/span>tagua<span data-mce-fragment=\"1\">\u00a0<\/span><\/strong>:<strong data-mce-fragment=\"1\"><span data-mce-fragment=\"1\">\u00a0<\/span><\/strong>albumen durci du fruit d&#8217;un palmier d&#8217;Am\u00e9rique du sud<\/li>\n<li data-mce-fragment=\"1\">r\u00e9alis\u00e9 par des artisan.e.s en<strong data-mce-fragment=\"1\">\u00a0Equateur<\/strong>\n<\/li>\n<li data-mce-fragment=\"1\"><strong data-mce-fragment=\"1\">commerce \u00e9quitable<\/strong><\/li>\n<li data-mce-fragment=\"1\">marque<span data-mce-fragment=\"1\">\u00a0<\/span><strong data-mce-fragment=\"1\">Tagua and co<\/strong>\n<\/li>\n<\/ul>\n<p>Plusieurs<strong data-mce-fragment=\"1\"> coloris <\/strong>sont disponibles !<\/p>\n","protected":false},"excerpt":{"rendered":"<p>bracelet double (l&#8217;un uni et l&#8217;autre multicolore) petites perles de tagua \u00e9lastiqu\u00e9 en ivoire v\u00e9g\u00e9tal noix de\u00a0tagua\u00a0:\u00a0albumen durci du fruit d&#8217;un palmier d&#8217;Am\u00e9rique du sud r\u00e9alis\u00e9 par des artisan.e.s en\u00a0Equateur commerce \u00e9quitable marque\u00a0Tagua and co Plusieurs coloris sont disponibles !<\/p>\n","protected":false},"featured_media":711830,"comment_status":"open","ping_status":"closed","template":"","meta":[],"product_brand":[],"product_cat":[1807,1756],"product_tag":[1810,1813],"acf":[],"_links":{"self":[{"href":"https:\/\/streetmarkets.fr\/app\/wp-json\/wp\/v2\/product\/711829"}],"collection":[{"href":"https:\/\/streetmarkets.fr\/app\/wp-json\/wp\/v2\/product"}],"about":[{"href":"https:\/\/streetmarkets.fr\/app\/wp-json\/wp\/v2\/types\/product"}],"replies":[{"embeddable":true,"href":"https:\/\/streetmarkets.fr\/app\/wp-json\/wp\/v2\/comments?post=711829"}],"wp:featuredmedia":[{"embeddable":true,"href":"https:\/\/streetmarkets.fr\/app\/wp-json\/wp\/v2\/media\/711830"}],"wp:attachment":[{"href":"https:\/\/streetmarkets.fr\/app\/wp-json\/wp\/v2\/media?parent=711829"}],"wp:term":[{"taxonomy":"product_brand","embeddable":true,"href":"https:\/\/streetmarkets.fr\/app\/wp-json\/wp\/v2\/product_brand?post=711829"},{"taxonomy":"product_cat","embeddable":true,"href":"https:\/\/streetmarkets.fr\/app\/wp-json\/wp\/v2\/product_cat?post=711829"},{"taxonomy":"product_tag","embeddable":true,"href":"https:\/\/streetmarkets.fr\/app\/wp-json\/wp\/v2\/product_tag?post=711829"}],"curies":[{"name":"wp","href":"https:\/\/api.w.org\/{rel}","templated":true}]}}