{"id":711823,"date":"2024-10-15T17:45:41","date_gmt":"2024-10-15T15:45:41","guid":{"rendered":"https:\/\/streetmarkets.fr\/app\/produit\/gourde-coloree-unie-en-metal\/"},"modified":"2026-04-22T01:43:18","modified_gmt":"2026-04-21T23:43:18","slug":"gourde-coloree-unie-en-metal","status":"publish","type":"product","link":"https:\/\/streetmarkets.fr\/app\/produit\/gourde-coloree-unie-en-metal\/","title":{"rendered":"Gourde color\u00e9e unie en m\u00e9tal"},"content":{"rendered":"<ul>\n<li>en<strong> inox<\/strong>\n<\/li>\n<li><strong>disponible dans 2 coloris<\/strong><\/li>\n<li>contenance <strong>500 ml <\/strong>\n<\/li>\n<li>l\u00e9g\u00e8re<strong> : poids 250 gr<\/strong>\n<\/li>\n<li>diam\u00e8tre 6,6 cm<\/li>\n<li>hauteur 19 cm<\/li>\n<\/ul>\n<p>Une super<strong> id\u00e9e cadeau<\/strong>, pratique, jolie et \u00e9colo<strong> z\u00e9ro d\u00e9chet<\/strong> !<\/p>\n","protected":false},"excerpt":{"rendered":"<p>en inox disponible dans 2 coloris contenance 500 ml l\u00e9g\u00e8re : poids 250 gr diam\u00e8tre 6,6 cm hauteur 19 cm Une super id\u00e9e cadeau, pratique, jolie et \u00e9colo z\u00e9ro d\u00e9chet !<\/p>\n","protected":false},"featured_media":711824,"comment_status":"open","ping_status":"closed","template":"","meta":[],"product_brand":[],"product_cat":[1756,1764],"product_tag":[1810],"acf":[],"_links":{"self":[{"href":"https:\/\/streetmarkets.fr\/app\/wp-json\/wp\/v2\/product\/711823"}],"collection":[{"href":"https:\/\/streetmarkets.fr\/app\/wp-json\/wp\/v2\/product"}],"about":[{"href":"https:\/\/streetmarkets.fr\/app\/wp-json\/wp\/v2\/types\/product"}],"replies":[{"embeddable":true,"href":"https:\/\/streetmarkets.fr\/app\/wp-json\/wp\/v2\/comments?post=711823"}],"wp:featuredmedia":[{"embeddable":true,"href":"https:\/\/streetmarkets.fr\/app\/wp-json\/wp\/v2\/media\/711824"}],"wp:attachment":[{"href":"https:\/\/streetmarkets.fr\/app\/wp-json\/wp\/v2\/media?parent=711823"}],"wp:term":[{"taxonomy":"product_brand","embeddable":true,"href":"https:\/\/streetmarkets.fr\/app\/wp-json\/wp\/v2\/product_brand?post=711823"},{"taxonomy":"product_cat","embeddable":true,"href":"https:\/\/streetmarkets.fr\/app\/wp-json\/wp\/v2\/product_cat?post=711823"},{"taxonomy":"product_tag","embeddable":true,"href":"https:\/\/streetmarkets.fr\/app\/wp-json\/wp\/v2\/product_tag?post=711823"}],"curies":[{"name":"wp","href":"https:\/\/api.w.org\/{rel}","templated":true}]}}