{"id":711817,"date":"2024-10-15T17:45:40","date_gmt":"2024-10-15T15:45:40","guid":{"rendered":"https:\/\/streetmarkets.fr\/app\/produit\/bracelet-petites-pierres-semi-precieuses\/"},"modified":"2026-05-04T01:43:31","modified_gmt":"2026-05-03T23:43:31","slug":"bracelet-petites-pierres-semi-precieuses","status":"publish","type":"product","link":"https:\/\/streetmarkets.fr\/app\/produit\/bracelet-petites-pierres-semi-precieuses\/","title":{"rendered":"Bracelet petites pierres semi pr\u00e9cieuses"},"content":{"rendered":"<ul>\n<li>bracelet\u00a0 avec chainette r\u00e9glable<\/li>\n<li>pierres brutes semi pr\u00e9cieuses\u00a0<\/li>\n<li>mat\u00e9riaux<span>\u00a0<\/span><strong>durables<\/strong><span>\u00a0<\/span>garantis sans nickel<\/li>\n<li><strong>commerce \u00e9quitable<\/strong><\/li>\n<li>\u00e9labor\u00e9 \u00e0 la main dans les ateliers d&#8217;Utrecht de<strong><span>\u00a0<\/span>Culture Mix<\/strong>\n<\/li>\n<\/ul>\n","protected":false},"excerpt":{"rendered":"<p>bracelet\u00a0 avec chainette r\u00e9glable pierres brutes semi pr\u00e9cieuses\u00a0 mat\u00e9riaux\u00a0durables\u00a0garantis sans nickel commerce \u00e9quitable \u00e9labor\u00e9 \u00e0 la main dans les ateliers d&#8217;Utrecht de\u00a0Culture Mix<\/p>\n","protected":false},"featured_media":711818,"comment_status":"open","ping_status":"closed","template":"","meta":[],"product_brand":[],"product_cat":[1807,1756],"product_tag":[1810,1813],"acf":[],"_links":{"self":[{"href":"https:\/\/streetmarkets.fr\/app\/wp-json\/wp\/v2\/product\/711817"}],"collection":[{"href":"https:\/\/streetmarkets.fr\/app\/wp-json\/wp\/v2\/product"}],"about":[{"href":"https:\/\/streetmarkets.fr\/app\/wp-json\/wp\/v2\/types\/product"}],"replies":[{"embeddable":true,"href":"https:\/\/streetmarkets.fr\/app\/wp-json\/wp\/v2\/comments?post=711817"}],"wp:featuredmedia":[{"embeddable":true,"href":"https:\/\/streetmarkets.fr\/app\/wp-json\/wp\/v2\/media\/711818"}],"wp:attachment":[{"href":"https:\/\/streetmarkets.fr\/app\/wp-json\/wp\/v2\/media?parent=711817"}],"wp:term":[{"taxonomy":"product_brand","embeddable":true,"href":"https:\/\/streetmarkets.fr\/app\/wp-json\/wp\/v2\/product_brand?post=711817"},{"taxonomy":"product_cat","embeddable":true,"href":"https:\/\/streetmarkets.fr\/app\/wp-json\/wp\/v2\/product_cat?post=711817"},{"taxonomy":"product_tag","embeddable":true,"href":"https:\/\/streetmarkets.fr\/app\/wp-json\/wp\/v2\/product_tag?post=711817"}],"curies":[{"name":"wp","href":"https:\/\/api.w.org\/{rel}","templated":true}]}}