{"id":711806,"date":"2024-10-15T17:45:39","date_gmt":"2024-10-15T15:45:39","guid":{"rendered":"https:\/\/streetmarkets.fr\/app\/produit\/boucles-doreilles-citrine\/"},"modified":"2026-05-06T01:43:08","modified_gmt":"2026-05-05T23:43:08","slug":"boucles-doreilles-citrine","status":"publish","type":"product","link":"https:\/\/streetmarkets.fr\/app\/produit\/boucles-doreilles-citrine\/","title":{"rendered":"Boucles d&#8217;oreilles citrine"},"content":{"rendered":"<ul>\n<li>en pierres semi-pr\u00e9cieuses et laiton<\/li>\n<li>r\u00e9alis\u00e9es par les artisanes de &#8220;Tara Project&#8221; en Inde\u00a0\u00a0<\/li>\n<li>atelier labellis\u00e9 WFTO (World Fairtrade Organization) : commerce \u00e9quitable<\/li>\n<\/ul>\n","protected":false},"excerpt":{"rendered":"<p>en pierres semi-pr\u00e9cieuses et laiton r\u00e9alis\u00e9es par les artisanes de &#8220;Tara Project&#8221; en Inde\u00a0\u00a0 atelier labellis\u00e9 WFTO (World Fairtrade Organization) : commerce \u00e9quitable<\/p>\n","protected":false},"featured_media":711807,"comment_status":"open","ping_status":"closed","template":"","meta":[],"product_brand":[],"product_cat":[1807,1756],"product_tag":[1810],"acf":[],"_links":{"self":[{"href":"https:\/\/streetmarkets.fr\/app\/wp-json\/wp\/v2\/product\/711806"}],"collection":[{"href":"https:\/\/streetmarkets.fr\/app\/wp-json\/wp\/v2\/product"}],"about":[{"href":"https:\/\/streetmarkets.fr\/app\/wp-json\/wp\/v2\/types\/product"}],"replies":[{"embeddable":true,"href":"https:\/\/streetmarkets.fr\/app\/wp-json\/wp\/v2\/comments?post=711806"}],"wp:featuredmedia":[{"embeddable":true,"href":"https:\/\/streetmarkets.fr\/app\/wp-json\/wp\/v2\/media\/711807"}],"wp:attachment":[{"href":"https:\/\/streetmarkets.fr\/app\/wp-json\/wp\/v2\/media?parent=711806"}],"wp:term":[{"taxonomy":"product_brand","embeddable":true,"href":"https:\/\/streetmarkets.fr\/app\/wp-json\/wp\/v2\/product_brand?post=711806"},{"taxonomy":"product_cat","embeddable":true,"href":"https:\/\/streetmarkets.fr\/app\/wp-json\/wp\/v2\/product_cat?post=711806"},{"taxonomy":"product_tag","embeddable":true,"href":"https:\/\/streetmarkets.fr\/app\/wp-json\/wp\/v2\/product_tag?post=711806"}],"curies":[{"name":"wp","href":"https:\/\/api.w.org\/{rel}","templated":true}]}}