{"id":711769,"date":"2024-10-15T17:45:37","date_gmt":"2024-10-15T15:45:37","guid":{"rendered":"https:\/\/streetmarkets.fr\/app\/produit\/sac-bandouliere-telephone-imprime-floral\/"},"modified":"2026-05-11T01:43:11","modified_gmt":"2026-05-10T23:43:11","slug":"sac-bandouliere-telephone-imprime-floral","status":"publish","type":"product","link":"https:\/\/streetmarkets.fr\/app\/produit\/sac-bandouliere-telephone-imprime-floral\/","title":{"rendered":"Sac bandouli\u00e8re t\u00e9l\u00e9phone imprim\u00e9 floral"},"content":{"rendered":"<ul>\n<li>petit sac bandouli\u00e8re r\u00e9glable<\/li>\n<li>100% toile de <strong>coton<\/strong>\n<\/li>\n<li>motif floral<\/li>\n<li>une<strong> poche zipp\u00e9e <\/strong>devant \u00e0 l&#8217;ext\u00e9rieur<\/li>\n<li>int\u00e9rieur satin\u00e9<\/li>\n<li>dimensions : 12 cm x 19 cm x 5 cm<\/li>\n<li>r\u00e9alis\u00e9 au Vietnam par un atelier de <strong>commerce \u00e9quitable<\/strong> labellis\u00e9 <strong>WFTO<\/strong> (<strong>World Fairtrade Organization<\/strong>)<\/li>\n<li>marque \u00e9thique\u00a0<strong>Earth Squared Ltd <\/strong>(membre de la<strong>\u00a0<span>British Association of Fair Trade Shops and Suppliers : BAFTS)<\/span>\u00a0<\/strong>\n<\/li>\n<\/ul>\n","protected":false},"excerpt":{"rendered":"<p>petit sac bandouli\u00e8re r\u00e9glable 100% toile de coton motif floral une poche zipp\u00e9e devant \u00e0 l&#8217;ext\u00e9rieur int\u00e9rieur satin\u00e9 dimensions : 12 cm x 19 cm x 5 cm r\u00e9alis\u00e9 au Vietnam par un atelier de commerce \u00e9quitable labellis\u00e9 WFTO (World Fairtrade Organization) marque \u00e9thique\u00a0Earth Squared Ltd (membre de la\u00a0British Association of Fair Trade Shops and [&hellip;]<\/p>\n","protected":false},"featured_media":711770,"comment_status":"open","ping_status":"closed","template":"","meta":[],"product_brand":[],"product_cat":[1756,1764],"product_tag":[1810],"acf":[],"_links":{"self":[{"href":"https:\/\/streetmarkets.fr\/app\/wp-json\/wp\/v2\/product\/711769"}],"collection":[{"href":"https:\/\/streetmarkets.fr\/app\/wp-json\/wp\/v2\/product"}],"about":[{"href":"https:\/\/streetmarkets.fr\/app\/wp-json\/wp\/v2\/types\/product"}],"replies":[{"embeddable":true,"href":"https:\/\/streetmarkets.fr\/app\/wp-json\/wp\/v2\/comments?post=711769"}],"wp:featuredmedia":[{"embeddable":true,"href":"https:\/\/streetmarkets.fr\/app\/wp-json\/wp\/v2\/media\/711770"}],"wp:attachment":[{"href":"https:\/\/streetmarkets.fr\/app\/wp-json\/wp\/v2\/media?parent=711769"}],"wp:term":[{"taxonomy":"product_brand","embeddable":true,"href":"https:\/\/streetmarkets.fr\/app\/wp-json\/wp\/v2\/product_brand?post=711769"},{"taxonomy":"product_cat","embeddable":true,"href":"https:\/\/streetmarkets.fr\/app\/wp-json\/wp\/v2\/product_cat?post=711769"},{"taxonomy":"product_tag","embeddable":true,"href":"https:\/\/streetmarkets.fr\/app\/wp-json\/wp\/v2\/product_tag?post=711769"}],"curies":[{"name":"wp","href":"https:\/\/api.w.org\/{rel}","templated":true}]}}