{"id":711757,"date":"2024-10-15T17:45:36","date_gmt":"2024-10-15T15:45:36","guid":{"rendered":"https:\/\/streetmarkets.fr\/app\/produit\/sac-a-dos-alice-noir-anse-leopard\/"},"modified":"2026-05-04T01:43:30","modified_gmt":"2026-05-03T23:43:30","slug":"sac-a-dos-alice-noir-anse-leopard","status":"publish","type":"product","link":"https:\/\/streetmarkets.fr\/app\/produit\/sac-a-dos-alice-noir-anse-leopard\/","title":{"rendered":"Sac \u00e0 dos Alice noir anse l\u00e9opard"},"content":{"rendered":"<ul>\n<li>petit sac \u00e0 dos en <strong>nylon imperm\u00e9able<\/strong>\n<\/li>\n<li><b>noir<\/b><\/li>\n<li>anse motif<strong> l\u00e9opard<\/strong>\n<\/li>\n<li>dimensions : 26 cm x 30 cm x 8 cm<\/li>\n<li data-mce-fragment=\"1\">2 fermetures \u00e9clair sur le dessus<\/li>\n<li data-mce-fragment=\"1\">une <strong>poche<\/strong> devant\u00a0<\/li>\n<li data-mce-fragment=\"1\">r\u00e9alis\u00e9 au <strong>Vietnam<\/strong> par un atelier de<span data-mce-fragment=\"1\">\u00a0<\/span><strong data-mce-fragment=\"1\">commerce \u00e9quitable<\/strong><span data-mce-fragment=\"1\">\u00a0<\/span>labellis\u00e9<span data-mce-fragment=\"1\">\u00a0<\/span><strong data-mce-fragment=\"1\">WFTO<\/strong><span data-mce-fragment=\"1\">\u00a0<\/span>(<strong data-mce-fragment=\"1\">World Fairtrade Organization<\/strong>)<\/li>\n<li data-mce-fragment=\"1\">marque<span data-mce-fragment=\"1\">\u00a0<\/span><strong data-mce-fragment=\"1\">Earth Squared Ltd<span data-mce-fragment=\"1\">\u00a0<\/span><\/strong>(membre de la<strong data-mce-fragment=\"1\">\u00a0<span data-mce-fragment=\"1\">British Association of Fair Trade Shops and Suppliers : BAFTS)<\/span>\u00a0<\/strong>\n<\/li>\n<\/ul>\n","protected":false},"excerpt":{"rendered":"<p>petit sac \u00e0 dos en nylon imperm\u00e9able noir anse motif l\u00e9opard dimensions : 26 cm x 30 cm x 8 cm 2 fermetures \u00e9clair sur le dessus une poche devant\u00a0 r\u00e9alis\u00e9 au Vietnam par un atelier de\u00a0commerce \u00e9quitable\u00a0labellis\u00e9\u00a0WFTO\u00a0(World Fairtrade Organization) marque\u00a0Earth Squared Ltd\u00a0(membre de la\u00a0British Association of Fair Trade Shops and Suppliers : BAFTS)\u00a0<\/p>\n","protected":false},"featured_media":711758,"comment_status":"open","ping_status":"closed","template":"","meta":[],"product_brand":[],"product_cat":[1756,1764],"product_tag":[1810],"acf":[],"_links":{"self":[{"href":"https:\/\/streetmarkets.fr\/app\/wp-json\/wp\/v2\/product\/711757"}],"collection":[{"href":"https:\/\/streetmarkets.fr\/app\/wp-json\/wp\/v2\/product"}],"about":[{"href":"https:\/\/streetmarkets.fr\/app\/wp-json\/wp\/v2\/types\/product"}],"replies":[{"embeddable":true,"href":"https:\/\/streetmarkets.fr\/app\/wp-json\/wp\/v2\/comments?post=711757"}],"wp:featuredmedia":[{"embeddable":true,"href":"https:\/\/streetmarkets.fr\/app\/wp-json\/wp\/v2\/media\/711758"}],"wp:attachment":[{"href":"https:\/\/streetmarkets.fr\/app\/wp-json\/wp\/v2\/media?parent=711757"}],"wp:term":[{"taxonomy":"product_brand","embeddable":true,"href":"https:\/\/streetmarkets.fr\/app\/wp-json\/wp\/v2\/product_brand?post=711757"},{"taxonomy":"product_cat","embeddable":true,"href":"https:\/\/streetmarkets.fr\/app\/wp-json\/wp\/v2\/product_cat?post=711757"},{"taxonomy":"product_tag","embeddable":true,"href":"https:\/\/streetmarkets.fr\/app\/wp-json\/wp\/v2\/product_tag?post=711757"}],"curies":[{"name":"wp","href":"https:\/\/api.w.org\/{rel}","templated":true}]}}