{"id":711671,"date":"2024-10-15T17:44:58","date_gmt":"2024-10-15T15:44:58","guid":{"rendered":"https:\/\/streetmarkets.fr\/app\/produit\/boucles-doreilles-peonza-double-face-bicolore-en-ivoire-vegetal\/"},"modified":"2026-05-06T01:43:07","modified_gmt":"2026-05-05T23:43:07","slug":"boucles-doreilles-peonza-double-face-bicolore-en-ivoire-vegetal","status":"publish","type":"product","link":"https:\/\/streetmarkets.fr\/app\/produit\/boucles-doreilles-peonza-double-face-bicolore-en-ivoire-vegetal\/","title":{"rendered":"Boucles d&#8217;oreilles Peonza double face bicolore en ivoire v\u00e9g\u00e9tal"},"content":{"rendered":"<ul data-mce-fragment=\"1\">\n<li data-mce-fragment=\"1\">boucles d&#8217;oreilles<strong> rondes<\/strong>\u00a0double face, 2 couleurs\u00a0<\/li>\n<li data-mce-fragment=\"1\">pointues avec petite perle<span data-mce-fragment=\"1\">\u00a0en\u00a0<\/span><strong>ivoire v\u00e9g\u00e9tal<\/strong>\n<\/li>\n<li data-mce-fragment=\"1\">noix de<strong data-mce-fragment=\"1\"><span data-mce-fragment=\"1\">\u00a0<\/span>tagua<span data-mce-fragment=\"1\">\u00a0<\/span><\/strong>:<strong data-mce-fragment=\"1\"><span data-mce-fragment=\"1\">\u00a0<\/span><\/strong>albumen durci du fruit d&#8217;un palmier d&#8217;Am\u00e9rique du sud<\/li>\n<li data-mce-fragment=\"1\">attaches hypoallerg\u00e9niques en acier chirurgical<\/li>\n<li data-mce-fragment=\"1\">r\u00e9alis\u00e9es par des artisan.e.s en<strong>\u00a0Equateur<\/strong>\n<\/li>\n<li data-mce-fragment=\"1\"><strong>commerce \u00e9quitable<\/strong><\/li>\n<li data-mce-fragment=\"1\">marque<span data-mce-fragment=\"1\">\u00a0fran\u00e7aise\u00a0<\/span><strong>Tagua and co<\/strong>\n<\/li>\n<\/ul>\n","protected":false},"excerpt":{"rendered":"<p>boucles d&#8217;oreilles rondes\u00a0double face, 2 couleurs\u00a0 pointues avec petite perle\u00a0en\u00a0ivoire v\u00e9g\u00e9tal noix de\u00a0tagua\u00a0:\u00a0albumen durci du fruit d&#8217;un palmier d&#8217;Am\u00e9rique du sud attaches hypoallerg\u00e9niques en acier chirurgical r\u00e9alis\u00e9es par des artisan.e.s en\u00a0Equateur commerce \u00e9quitable marque\u00a0fran\u00e7aise\u00a0Tagua and co<\/p>\n","protected":false},"featured_media":711672,"comment_status":"open","ping_status":"closed","template":"","meta":[],"product_brand":[],"product_cat":[1807,1756],"product_tag":[1810],"acf":[],"_links":{"self":[{"href":"https:\/\/streetmarkets.fr\/app\/wp-json\/wp\/v2\/product\/711671"}],"collection":[{"href":"https:\/\/streetmarkets.fr\/app\/wp-json\/wp\/v2\/product"}],"about":[{"href":"https:\/\/streetmarkets.fr\/app\/wp-json\/wp\/v2\/types\/product"}],"replies":[{"embeddable":true,"href":"https:\/\/streetmarkets.fr\/app\/wp-json\/wp\/v2\/comments?post=711671"}],"wp:featuredmedia":[{"embeddable":true,"href":"https:\/\/streetmarkets.fr\/app\/wp-json\/wp\/v2\/media\/711672"}],"wp:attachment":[{"href":"https:\/\/streetmarkets.fr\/app\/wp-json\/wp\/v2\/media?parent=711671"}],"wp:term":[{"taxonomy":"product_brand","embeddable":true,"href":"https:\/\/streetmarkets.fr\/app\/wp-json\/wp\/v2\/product_brand?post=711671"},{"taxonomy":"product_cat","embeddable":true,"href":"https:\/\/streetmarkets.fr\/app\/wp-json\/wp\/v2\/product_cat?post=711671"},{"taxonomy":"product_tag","embeddable":true,"href":"https:\/\/streetmarkets.fr\/app\/wp-json\/wp\/v2\/product_tag?post=711671"}],"curies":[{"name":"wp","href":"https:\/\/api.w.org\/{rel}","templated":true}]}}