{"id":711594,"date":"2024-10-15T17:44:53","date_gmt":"2024-10-15T15:44:53","guid":{"rendered":"https:\/\/streetmarkets.fr\/app\/produit\/socquettes-noires-en-bambou-et-coton-bio\/"},"modified":"2026-05-06T01:43:07","modified_gmt":"2026-05-05T23:43:07","slug":"socquettes-noires-en-bambou-et-coton-bio","status":"publish","type":"product","link":"https:\/\/streetmarkets.fr\/app\/produit\/socquettes-noires-en-bambou-et-coton-bio\/","title":{"rendered":"Socquettes noires en bambou et coton bio"},"content":{"rendered":"<ul>\n<li>socquettes <strong>noires<\/strong> femmes<\/li>\n<li>basiques<\/li>\n<li>en<span>\u00a0<\/span><strong>bambou<\/strong>,<span>\u00a0<\/span><strong>coton bio<\/strong><span>\u00a0<\/span>et<span>\u00a0<\/span><strong>polyester recycl\u00e9<\/strong>\n<\/li>\n<li>tr\u00e8s confortables<\/li>\n<li>\n<strong>anti-bact\u00e9rien<\/strong><span>\u00a0<\/span>et anti-fongique<\/li>\n<li>taille<span>\u00a0<\/span><strong>unique\u00a0<\/strong>36\/40<\/li>\n<li>marque anglaise <strong>Thought<\/strong>\n<\/li>\n<\/ul>\n","protected":false},"excerpt":{"rendered":"<p>socquettes noires femmes basiques en\u00a0bambou,\u00a0coton bio\u00a0et\u00a0polyester recycl\u00e9 tr\u00e8s confortables anti-bact\u00e9rien\u00a0et anti-fongique taille\u00a0unique\u00a036\/40 marque anglaise Thought<\/p>\n","protected":false},"featured_media":711595,"comment_status":"open","ping_status":"closed","template":"","meta":[],"product_brand":[],"product_cat":[1756,1764],"product_tag":[1810],"acf":[],"_links":{"self":[{"href":"https:\/\/streetmarkets.fr\/app\/wp-json\/wp\/v2\/product\/711594"}],"collection":[{"href":"https:\/\/streetmarkets.fr\/app\/wp-json\/wp\/v2\/product"}],"about":[{"href":"https:\/\/streetmarkets.fr\/app\/wp-json\/wp\/v2\/types\/product"}],"replies":[{"embeddable":true,"href":"https:\/\/streetmarkets.fr\/app\/wp-json\/wp\/v2\/comments?post=711594"}],"wp:featuredmedia":[{"embeddable":true,"href":"https:\/\/streetmarkets.fr\/app\/wp-json\/wp\/v2\/media\/711595"}],"wp:attachment":[{"href":"https:\/\/streetmarkets.fr\/app\/wp-json\/wp\/v2\/media?parent=711594"}],"wp:term":[{"taxonomy":"product_brand","embeddable":true,"href":"https:\/\/streetmarkets.fr\/app\/wp-json\/wp\/v2\/product_brand?post=711594"},{"taxonomy":"product_cat","embeddable":true,"href":"https:\/\/streetmarkets.fr\/app\/wp-json\/wp\/v2\/product_cat?post=711594"},{"taxonomy":"product_tag","embeddable":true,"href":"https:\/\/streetmarkets.fr\/app\/wp-json\/wp\/v2\/product_tag?post=711594"}],"curies":[{"name":"wp","href":"https:\/\/api.w.org\/{rel}","templated":true}]}}