{"id":711588,"date":"2024-10-15T17:44:52","date_gmt":"2024-10-15T15:44:52","guid":{"rendered":"https:\/\/streetmarkets.fr\/app\/produit\/top-marlett-imprime-floral-en-coton-bio\/"},"modified":"2026-05-06T01:43:07","modified_gmt":"2026-05-05T23:43:07","slug":"top-marlett-imprime-floral-en-coton-bio","status":"publish","type":"product","link":"https:\/\/streetmarkets.fr\/app\/produit\/top-marlett-imprime-floral-en-coton-bio\/","title":{"rendered":"Top Marlett imprim\u00e9 floral en coton bio"},"content":{"rendered":"<ul>\n<li>Top sans manches<\/li>\n<li>d\u00e9collet\u00e9 en V devant et dans le dos<\/li>\n<li>bas arrondis<\/li>\n<li>100% popeline de <strong>coton bio<\/strong>\n<\/li>\n<li>imprim\u00e9 <strong>fleurs roses<\/strong> sur fond coloris mangue<\/li>\n<li>marque anglaise \u00e9thique &#8220;<strong>Thought<\/strong>&#8220;<\/li>\n<\/ul>\n","protected":false},"excerpt":{"rendered":"<p>Top sans manches d\u00e9collet\u00e9 en V devant et dans le dos bas arrondis 100% popeline de coton bio imprim\u00e9 fleurs roses sur fond coloris mangue marque anglaise \u00e9thique &#8220;Thought&#8220;<\/p>\n","protected":false},"featured_media":711589,"comment_status":"open","ping_status":"closed","template":"","meta":[],"product_brand":[],"product_cat":[1756,1758],"product_tag":[1810],"acf":[],"_links":{"self":[{"href":"https:\/\/streetmarkets.fr\/app\/wp-json\/wp\/v2\/product\/711588"}],"collection":[{"href":"https:\/\/streetmarkets.fr\/app\/wp-json\/wp\/v2\/product"}],"about":[{"href":"https:\/\/streetmarkets.fr\/app\/wp-json\/wp\/v2\/types\/product"}],"replies":[{"embeddable":true,"href":"https:\/\/streetmarkets.fr\/app\/wp-json\/wp\/v2\/comments?post=711588"}],"wp:featuredmedia":[{"embeddable":true,"href":"https:\/\/streetmarkets.fr\/app\/wp-json\/wp\/v2\/media\/711589"}],"wp:attachment":[{"href":"https:\/\/streetmarkets.fr\/app\/wp-json\/wp\/v2\/media?parent=711588"}],"wp:term":[{"taxonomy":"product_brand","embeddable":true,"href":"https:\/\/streetmarkets.fr\/app\/wp-json\/wp\/v2\/product_brand?post=711588"},{"taxonomy":"product_cat","embeddable":true,"href":"https:\/\/streetmarkets.fr\/app\/wp-json\/wp\/v2\/product_cat?post=711588"},{"taxonomy":"product_tag","embeddable":true,"href":"https:\/\/streetmarkets.fr\/app\/wp-json\/wp\/v2\/product_tag?post=711588"}],"curies":[{"name":"wp","href":"https:\/\/api.w.org\/{rel}","templated":true}]}}