{"id":711511,"date":"2024-10-15T17:44:23","date_gmt":"2024-10-15T15:44:23","guid":{"rendered":"https:\/\/streetmarkets.fr\/app\/produit\/masque-en-coton\/"},"modified":"2026-05-06T01:43:07","modified_gmt":"2026-05-05T23:43:07","slug":"masque-en-coton","status":"publish","type":"product","link":"https:\/\/streetmarkets.fr\/app\/produit\/masque-en-coton\/","title":{"rendered":"Masque en coton"},"content":{"rendered":"<ul>\n<li>masques 100% <strong>coton<\/strong>\n<\/li>\n<li>r\u00e9alis\u00e9s \u00e0 partir des <strong>chutes de tissus<\/strong> de la collection de sacs et foulards<\/li>\n<li>au <strong>Vietnam<\/strong> dans les ateliers labellis\u00e9s <strong>WFTO<\/strong>\u00a0(World Fairtrade Organization) de la marque \u00e9cossaise <strong>Earthsquared<\/strong>\n<\/li>\n<\/ul>\n<h1><\/h1>\n","protected":false},"excerpt":{"rendered":"<p>masques 100% coton r\u00e9alis\u00e9s \u00e0 partir des chutes de tissus de la collection de sacs et foulards au Vietnam dans les ateliers labellis\u00e9s WFTO\u00a0(World Fairtrade Organization) de la marque \u00e9cossaise Earthsquared<\/p>\n","protected":false},"featured_media":711512,"comment_status":"open","ping_status":"closed","template":"","meta":[],"product_brand":[],"product_cat":[1756,1764],"product_tag":[1810],"acf":[],"_links":{"self":[{"href":"https:\/\/streetmarkets.fr\/app\/wp-json\/wp\/v2\/product\/711511"}],"collection":[{"href":"https:\/\/streetmarkets.fr\/app\/wp-json\/wp\/v2\/product"}],"about":[{"href":"https:\/\/streetmarkets.fr\/app\/wp-json\/wp\/v2\/types\/product"}],"replies":[{"embeddable":true,"href":"https:\/\/streetmarkets.fr\/app\/wp-json\/wp\/v2\/comments?post=711511"}],"wp:featuredmedia":[{"embeddable":true,"href":"https:\/\/streetmarkets.fr\/app\/wp-json\/wp\/v2\/media\/711512"}],"wp:attachment":[{"href":"https:\/\/streetmarkets.fr\/app\/wp-json\/wp\/v2\/media?parent=711511"}],"wp:term":[{"taxonomy":"product_brand","embeddable":true,"href":"https:\/\/streetmarkets.fr\/app\/wp-json\/wp\/v2\/product_brand?post=711511"},{"taxonomy":"product_cat","embeddable":true,"href":"https:\/\/streetmarkets.fr\/app\/wp-json\/wp\/v2\/product_cat?post=711511"},{"taxonomy":"product_tag","embeddable":true,"href":"https:\/\/streetmarkets.fr\/app\/wp-json\/wp\/v2\/product_tag?post=711511"}],"curies":[{"name":"wp","href":"https:\/\/api.w.org\/{rel}","templated":true}]}}