{"id":711491,"date":"2024-10-15T17:44:21","date_gmt":"2024-10-15T15:44:21","guid":{"rendered":"https:\/\/streetmarkets.fr\/app\/produit\/boucles-doreilles-touaregues-longues-en-ebene-et-argent\/"},"modified":"2026-05-11T01:43:09","modified_gmt":"2026-05-10T23:43:09","slug":"boucles-doreilles-touaregues-longues-en-ebene-et-argent","status":"publish","type":"product","link":"https:\/\/streetmarkets.fr\/app\/produit\/boucles-doreilles-touaregues-longues-en-ebene-et-argent\/","title":{"rendered":"Boucles d&#8217;oreilles touar\u00e8gues longues en \u00e9b\u00e8ne et argent"},"content":{"rendered":"<ul>\n<li>boucles d&#8217;oreilles en <strong>\u00e9b\u00e8ne<\/strong> et<span>\u00a0<\/span><strong>argent<\/strong>\n<\/li>\n<li><strong>massues<\/strong><\/li>\n<li>sobres et<strong> chics\u00a0<\/strong>\n<\/li>\n<li><strong>design contemporain<\/strong><\/li>\n<li>r\u00e9alis\u00e9es par les artisans<span>\u00a0<\/span><strong>touaregs<\/strong><span>\u00a0<\/span>de la coop\u00e9rative de<span>\u00a0<\/span><strong>Bouloumbouk<\/strong><span>\u00a0<\/span>au<span>\u00a0<\/span><strong>Niger<\/strong>\n<\/li>\n<\/ul>\n","protected":false},"excerpt":{"rendered":"<p>boucles d&#8217;oreilles en \u00e9b\u00e8ne et\u00a0argent massues sobres et chics\u00a0 design contemporain r\u00e9alis\u00e9es par les artisans\u00a0touaregs\u00a0de la coop\u00e9rative de\u00a0Bouloumbouk\u00a0au\u00a0Niger<\/p>\n","protected":false},"featured_media":711492,"comment_status":"open","ping_status":"closed","template":"","meta":[],"product_brand":[],"product_cat":[1807,1756],"product_tag":[1810],"acf":[],"_links":{"self":[{"href":"https:\/\/streetmarkets.fr\/app\/wp-json\/wp\/v2\/product\/711491"}],"collection":[{"href":"https:\/\/streetmarkets.fr\/app\/wp-json\/wp\/v2\/product"}],"about":[{"href":"https:\/\/streetmarkets.fr\/app\/wp-json\/wp\/v2\/types\/product"}],"replies":[{"embeddable":true,"href":"https:\/\/streetmarkets.fr\/app\/wp-json\/wp\/v2\/comments?post=711491"}],"wp:featuredmedia":[{"embeddable":true,"href":"https:\/\/streetmarkets.fr\/app\/wp-json\/wp\/v2\/media\/711492"}],"wp:attachment":[{"href":"https:\/\/streetmarkets.fr\/app\/wp-json\/wp\/v2\/media?parent=711491"}],"wp:term":[{"taxonomy":"product_brand","embeddable":true,"href":"https:\/\/streetmarkets.fr\/app\/wp-json\/wp\/v2\/product_brand?post=711491"},{"taxonomy":"product_cat","embeddable":true,"href":"https:\/\/streetmarkets.fr\/app\/wp-json\/wp\/v2\/product_cat?post=711491"},{"taxonomy":"product_tag","embeddable":true,"href":"https:\/\/streetmarkets.fr\/app\/wp-json\/wp\/v2\/product_tag?post=711491"}],"curies":[{"name":"wp","href":"https:\/\/api.w.org\/{rel}","templated":true}]}}