{"id":711475,"date":"2024-10-15T17:44:20","date_gmt":"2024-10-15T15:44:20","guid":{"rendered":"https:\/\/streetmarkets.fr\/app\/produit\/deco-ronde-en-papier-a-suspendre\/"},"modified":"2026-05-09T01:42:57","modified_gmt":"2026-05-08T23:42:57","slug":"deco-ronde-en-papier-a-suspendre","status":"publish","type":"product","link":"https:\/\/streetmarkets.fr\/app\/produit\/deco-ronde-en-papier-a-suspendre\/","title":{"rendered":"D\u00e9co ronde en papier \u00e0 suspendre"},"content":{"rendered":"<ul>\n<li>d\u00e9coration de <strong>No\u00ebl<\/strong> ronde en papier<\/li>\n<li><strong>\u00e0 d\u00e9plier\u00a0<\/strong><\/li>\n<li>se ferme gr\u00e2ce \u00e0 un aimant\u00a0<\/li>\n<li>circonf\u00e9rence : 8 cm<\/li>\n<li>hauteur : 6 cm<\/li>\n<li>r\u00e9alis\u00e9 et<strong> peint<\/strong> \u00e0 la main en <strong>Inde<\/strong>\n<\/li>\n<li><strong>commerce \u00e9quitable<\/strong><\/li>\n<li>collection &#8220;lifestyle&#8221; de la marque allemande &#8220;<strong>Tranquillo<\/strong>&#8220;<\/li>\n<\/ul>\n","protected":false},"excerpt":{"rendered":"<p>d\u00e9coration de No\u00ebl ronde en papier \u00e0 d\u00e9plier\u00a0 se ferme gr\u00e2ce \u00e0 un aimant\u00a0 circonf\u00e9rence : 8 cm hauteur : 6 cm r\u00e9alis\u00e9 et peint \u00e0 la main en Inde commerce \u00e9quitable collection &#8220;lifestyle&#8221; de la marque allemande &#8220;Tranquillo&#8220;<\/p>\n","protected":false},"featured_media":711476,"comment_status":"open","ping_status":"closed","template":"","meta":[],"product_brand":[],"product_cat":[1756,1764],"product_tag":[1810],"acf":[],"_links":{"self":[{"href":"https:\/\/streetmarkets.fr\/app\/wp-json\/wp\/v2\/product\/711475"}],"collection":[{"href":"https:\/\/streetmarkets.fr\/app\/wp-json\/wp\/v2\/product"}],"about":[{"href":"https:\/\/streetmarkets.fr\/app\/wp-json\/wp\/v2\/types\/product"}],"replies":[{"embeddable":true,"href":"https:\/\/streetmarkets.fr\/app\/wp-json\/wp\/v2\/comments?post=711475"}],"wp:featuredmedia":[{"embeddable":true,"href":"https:\/\/streetmarkets.fr\/app\/wp-json\/wp\/v2\/media\/711476"}],"wp:attachment":[{"href":"https:\/\/streetmarkets.fr\/app\/wp-json\/wp\/v2\/media?parent=711475"}],"wp:term":[{"taxonomy":"product_brand","embeddable":true,"href":"https:\/\/streetmarkets.fr\/app\/wp-json\/wp\/v2\/product_brand?post=711475"},{"taxonomy":"product_cat","embeddable":true,"href":"https:\/\/streetmarkets.fr\/app\/wp-json\/wp\/v2\/product_cat?post=711475"},{"taxonomy":"product_tag","embeddable":true,"href":"https:\/\/streetmarkets.fr\/app\/wp-json\/wp\/v2\/product_tag?post=711475"}],"curies":[{"name":"wp","href":"https:\/\/api.w.org\/{rel}","templated":true}]}}