{"id":711467,"date":"2024-10-15T17:44:19","date_gmt":"2024-10-15T15:44:19","guid":{"rendered":"https:\/\/streetmarkets.fr\/app\/produit\/oiseau-a-suspendre-en-coton-recycle\/"},"modified":"2026-05-06T01:43:06","modified_gmt":"2026-05-05T23:43:06","slug":"oiseau-a-suspendre-en-coton-recycle","status":"publish","type":"product","link":"https:\/\/streetmarkets.fr\/app\/produit\/oiseau-a-suspendre-en-coton-recycle\/","title":{"rendered":"Oiseau \u00e0 suspendre en coton recycl\u00e9"},"content":{"rendered":"<ul>\n<li>oiseau en papier issu de <strong>coton recycl\u00e9<\/strong>\n<\/li>\n<li>dimensions : 17,5 cm x 19,5 cm\u00a0<\/li>\n<li>r\u00e9alis\u00e9 en <strong>Inde<\/strong>\n<\/li>\n<li><strong>commerce \u00e9quitable<\/strong><\/li>\n<li>collection &#8220;lifestyle&#8221; de la marque allemande &#8220;<strong>Tranquillo<\/strong>&#8220;<\/li>\n<\/ul>\n","protected":false},"excerpt":{"rendered":"<p>oiseau en papier issu de coton recycl\u00e9 dimensions : 17,5 cm x 19,5 cm\u00a0 r\u00e9alis\u00e9 en Inde commerce \u00e9quitable collection &#8220;lifestyle&#8221; de la marque allemande &#8220;Tranquillo&#8220;<\/p>\n","protected":false},"featured_media":711468,"comment_status":"open","ping_status":"closed","template":"","meta":[],"product_brand":[],"product_cat":[1756,1764],"product_tag":[1810],"acf":[],"_links":{"self":[{"href":"https:\/\/streetmarkets.fr\/app\/wp-json\/wp\/v2\/product\/711467"}],"collection":[{"href":"https:\/\/streetmarkets.fr\/app\/wp-json\/wp\/v2\/product"}],"about":[{"href":"https:\/\/streetmarkets.fr\/app\/wp-json\/wp\/v2\/types\/product"}],"replies":[{"embeddable":true,"href":"https:\/\/streetmarkets.fr\/app\/wp-json\/wp\/v2\/comments?post=711467"}],"wp:featuredmedia":[{"embeddable":true,"href":"https:\/\/streetmarkets.fr\/app\/wp-json\/wp\/v2\/media\/711468"}],"wp:attachment":[{"href":"https:\/\/streetmarkets.fr\/app\/wp-json\/wp\/v2\/media?parent=711467"}],"wp:term":[{"taxonomy":"product_brand","embeddable":true,"href":"https:\/\/streetmarkets.fr\/app\/wp-json\/wp\/v2\/product_brand?post=711467"},{"taxonomy":"product_cat","embeddable":true,"href":"https:\/\/streetmarkets.fr\/app\/wp-json\/wp\/v2\/product_cat?post=711467"},{"taxonomy":"product_tag","embeddable":true,"href":"https:\/\/streetmarkets.fr\/app\/wp-json\/wp\/v2\/product_tag?post=711467"}],"curies":[{"name":"wp","href":"https:\/\/api.w.org\/{rel}","templated":true}]}}