{"id":711433,"date":"2024-10-15T17:44:17","date_gmt":"2024-10-15T15:44:17","guid":{"rendered":"https:\/\/streetmarkets.fr\/app\/produit\/gourde-thermos-cubes\/"},"modified":"2026-04-11T01:42:51","modified_gmt":"2026-04-10T23:42:51","slug":"gourde-thermos-cubes","status":"publish","type":"product","link":"https:\/\/streetmarkets.fr\/app\/produit\/gourde-thermos-cubes\/","title":{"rendered":"Gourde thermos cubes"},"content":{"rendered":"<ul>\n<li>en<strong> inox<\/strong>, double paroi<\/li>\n<li>contenance <strong>600 ml<\/strong>\n<\/li>\n<li>votre boisson reste chaude ou fra\u00eeche pendant <strong>12h<\/strong>\n<\/li>\n<li>diam\u00e8tre 7 cm<\/li>\n<li>hauteur 24 cm<\/li>\n<\/ul>\n<p>Une super<strong> id\u00e9e cadeau<\/strong>, pratique, jolie et \u00e9colo<strong> z\u00e9ro d\u00e9chet<\/strong> !<\/p>\n","protected":false},"excerpt":{"rendered":"<p>en inox, double paroi contenance 600 ml votre boisson reste chaude ou fra\u00eeche pendant 12h diam\u00e8tre 7 cm hauteur 24 cm Une super id\u00e9e cadeau, pratique, jolie et \u00e9colo z\u00e9ro d\u00e9chet !<\/p>\n","protected":false},"featured_media":711434,"comment_status":"open","ping_status":"closed","template":"","meta":[],"product_brand":[],"product_cat":[1756,1764],"product_tag":[1810],"acf":[],"_links":{"self":[{"href":"https:\/\/streetmarkets.fr\/app\/wp-json\/wp\/v2\/product\/711433"}],"collection":[{"href":"https:\/\/streetmarkets.fr\/app\/wp-json\/wp\/v2\/product"}],"about":[{"href":"https:\/\/streetmarkets.fr\/app\/wp-json\/wp\/v2\/types\/product"}],"replies":[{"embeddable":true,"href":"https:\/\/streetmarkets.fr\/app\/wp-json\/wp\/v2\/comments?post=711433"}],"wp:featuredmedia":[{"embeddable":true,"href":"https:\/\/streetmarkets.fr\/app\/wp-json\/wp\/v2\/media\/711434"}],"wp:attachment":[{"href":"https:\/\/streetmarkets.fr\/app\/wp-json\/wp\/v2\/media?parent=711433"}],"wp:term":[{"taxonomy":"product_brand","embeddable":true,"href":"https:\/\/streetmarkets.fr\/app\/wp-json\/wp\/v2\/product_brand?post=711433"},{"taxonomy":"product_cat","embeddable":true,"href":"https:\/\/streetmarkets.fr\/app\/wp-json\/wp\/v2\/product_cat?post=711433"},{"taxonomy":"product_tag","embeddable":true,"href":"https:\/\/streetmarkets.fr\/app\/wp-json\/wp\/v2\/product_tag?post=711433"}],"curies":[{"name":"wp","href":"https:\/\/api.w.org\/{rel}","templated":true}]}}