{"id":711318,"date":"2024-10-15T17:43:44","date_gmt":"2024-10-15T15:43:44","guid":{"rendered":"https:\/\/streetmarkets.fr\/app\/produit\/collier-kilotoa-triple-rang-en-ivoire-vegetal\/"},"modified":"2026-05-11T01:42:56","modified_gmt":"2026-05-10T23:42:56","slug":"collier-kilotoa-triple-rang-en-ivoire-vegetal","status":"publish","type":"product","link":"https:\/\/streetmarkets.fr\/app\/produit\/collier-kilotoa-triple-rang-en-ivoire-vegetal\/","title":{"rendered":"Collier Kilotoa triple rang en ivoire v\u00e9g\u00e9tal"},"content":{"rendered":"<ul>\n<li>collier triple rang en <strong>ivoire v\u00e9g\u00e9tal<\/strong>\n<\/li>\n<li>perles longues et cylindriques<\/li>\n<li>la noix de<span>\u00a0<\/span><strong>tagua<\/strong><span>\u00a0est<\/span>\u00a0l&#8217;albumen durci du fruit d&#8217;un palmier d&#8217;Am\u00e9rique du sud<\/li>\n<li>tr\u00e8s facile \u00e0 mettre gr\u00e2ce \u00e0 son cordon r\u00e9glable<\/li>\n<li>r\u00e9alis\u00e9 par des artisans en<span>\u00a0<\/span><strong>Equateur<\/strong>\n<\/li>\n<li><strong>commerce \u00e9quitable<\/strong><\/li>\n<li>marque<span>\u00a0<\/span><strong>Tagua and Co<\/strong>\n<\/li>\n<\/ul>\n","protected":false},"excerpt":{"rendered":"<p>collier triple rang en ivoire v\u00e9g\u00e9tal perles longues et cylindriques la noix de\u00a0tagua\u00a0est\u00a0l&#8217;albumen durci du fruit d&#8217;un palmier d&#8217;Am\u00e9rique du sud tr\u00e8s facile \u00e0 mettre gr\u00e2ce \u00e0 son cordon r\u00e9glable r\u00e9alis\u00e9 par des artisans en\u00a0Equateur commerce \u00e9quitable marque\u00a0Tagua and Co<\/p>\n","protected":false},"featured_media":711319,"comment_status":"open","ping_status":"closed","template":"","meta":[],"product_brand":[],"product_cat":[1807,1756],"product_tag":[1810,1813],"acf":[],"_links":{"self":[{"href":"https:\/\/streetmarkets.fr\/app\/wp-json\/wp\/v2\/product\/711318"}],"collection":[{"href":"https:\/\/streetmarkets.fr\/app\/wp-json\/wp\/v2\/product"}],"about":[{"href":"https:\/\/streetmarkets.fr\/app\/wp-json\/wp\/v2\/types\/product"}],"replies":[{"embeddable":true,"href":"https:\/\/streetmarkets.fr\/app\/wp-json\/wp\/v2\/comments?post=711318"}],"wp:featuredmedia":[{"embeddable":true,"href":"https:\/\/streetmarkets.fr\/app\/wp-json\/wp\/v2\/media\/711319"}],"wp:attachment":[{"href":"https:\/\/streetmarkets.fr\/app\/wp-json\/wp\/v2\/media?parent=711318"}],"wp:term":[{"taxonomy":"product_brand","embeddable":true,"href":"https:\/\/streetmarkets.fr\/app\/wp-json\/wp\/v2\/product_brand?post=711318"},{"taxonomy":"product_cat","embeddable":true,"href":"https:\/\/streetmarkets.fr\/app\/wp-json\/wp\/v2\/product_cat?post=711318"},{"taxonomy":"product_tag","embeddable":true,"href":"https:\/\/streetmarkets.fr\/app\/wp-json\/wp\/v2\/product_tag?post=711318"}],"curies":[{"name":"wp","href":"https:\/\/api.w.org\/{rel}","templated":true}]}}