{"id":711270,"date":"2024-10-15T17:43:40","date_gmt":"2024-10-15T15:43:40","guid":{"rendered":"https:\/\/streetmarkets.fr\/app\/produit\/sautoir-graines-zouloues-onyx\/"},"modified":"2026-05-09T01:42:43","modified_gmt":"2026-05-08T23:42:43","slug":"sautoir-graines-zouloues-onyx","status":"publish","type":"product","link":"https:\/\/streetmarkets.fr\/app\/produit\/sautoir-graines-zouloues-onyx\/","title":{"rendered":"Sautoir graines zouloues onyx"},"content":{"rendered":"<ul>\n<li><span>collier compos\u00e9 de 64 <strong>graines zouloues<\/strong>, 3 pierres d&#8217;<strong>onyx<\/strong>, 15 disques de coquilles d&#8217;<strong>oeuf d&#8217;autruche<\/strong>, 5 perles de verre cuivr\u00e9es, nombreuses petites perles de verre couleur bronze<\/span><\/li>\n<li><span>longueur 43 cm <\/span><\/li>\n<li><span>chaine de r\u00e9glage 5 cm<\/span><\/li>\n<li><span>garanti sans nickel<\/span><\/li>\n<li><span>Les graines <strong>zouloues<\/strong> sont issues d&#8217;une herbe sauvage tropicale dans la r\u00e9gion du KwaZulu Natal, \u00e0 l&#8217;est de l&#8217;<strong>Afrique du Sud<\/strong><\/span><\/li>\n<li><span>marque <strong>MondUni<\/strong><\/span><\/li>\n<\/ul>\n","protected":false},"excerpt":{"rendered":"<p>collier compos\u00e9 de 64 graines zouloues, 3 pierres d&#8217;onyx, 15 disques de coquilles d&#8217;oeuf d&#8217;autruche, 5 perles de verre cuivr\u00e9es, nombreuses petites perles de verre couleur bronze longueur 43 cm chaine de r\u00e9glage 5 cm garanti sans nickel Les graines zouloues sont issues d&#8217;une herbe sauvage tropicale dans la r\u00e9gion du KwaZulu Natal, \u00e0 l&#8217;est [&hellip;]<\/p>\n","protected":false},"featured_media":711271,"comment_status":"open","ping_status":"closed","template":"","meta":[],"product_brand":[],"product_cat":[1807,1756],"product_tag":[1810,1813],"acf":[],"_links":{"self":[{"href":"https:\/\/streetmarkets.fr\/app\/wp-json\/wp\/v2\/product\/711270"}],"collection":[{"href":"https:\/\/streetmarkets.fr\/app\/wp-json\/wp\/v2\/product"}],"about":[{"href":"https:\/\/streetmarkets.fr\/app\/wp-json\/wp\/v2\/types\/product"}],"replies":[{"embeddable":true,"href":"https:\/\/streetmarkets.fr\/app\/wp-json\/wp\/v2\/comments?post=711270"}],"wp:featuredmedia":[{"embeddable":true,"href":"https:\/\/streetmarkets.fr\/app\/wp-json\/wp\/v2\/media\/711271"}],"wp:attachment":[{"href":"https:\/\/streetmarkets.fr\/app\/wp-json\/wp\/v2\/media?parent=711270"}],"wp:term":[{"taxonomy":"product_brand","embeddable":true,"href":"https:\/\/streetmarkets.fr\/app\/wp-json\/wp\/v2\/product_brand?post=711270"},{"taxonomy":"product_cat","embeddable":true,"href":"https:\/\/streetmarkets.fr\/app\/wp-json\/wp\/v2\/product_cat?post=711270"},{"taxonomy":"product_tag","embeddable":true,"href":"https:\/\/streetmarkets.fr\/app\/wp-json\/wp\/v2\/product_tag?post=711270"}],"curies":[{"name":"wp","href":"https:\/\/api.w.org\/{rel}","templated":true}]}}