{"id":711217,"date":"2024-10-15T17:43:10","date_gmt":"2024-10-15T15:43:10","guid":{"rendered":"https:\/\/streetmarkets.fr\/app\/produit\/carte-cadeau-ecoresponsable\/"},"modified":"2026-05-11T01:42:55","modified_gmt":"2026-05-10T23:42:55","slug":"carte-cadeau-ecoresponsable","status":"publish","type":"product","link":"https:\/\/streetmarkets.fr\/app\/produit\/carte-cadeau-ecoresponsable\/","title":{"rendered":"Carte cadeau \u00e9coresponsable"},"content":{"rendered":"<ul>\n<li>si vous \u00eates \u00e0 court d&#8217;id\u00e9es, offrez une carte <strong>cadeau \u00e9coresponsable<\/strong> !<\/li>\n<li>valable sur <strong>toute<\/strong> la boutique<\/li>\n<li>sans date limite d&#8217;utilisation<\/li>\n<\/ul>\n","protected":false},"excerpt":{"rendered":"<p>si vous \u00eates \u00e0 court d&#8217;id\u00e9es, offrez une carte cadeau \u00e9coresponsable ! valable sur toute la boutique sans date limite d&#8217;utilisation<\/p>\n","protected":false},"featured_media":711218,"comment_status":"open","ping_status":"closed","template":"","meta":[],"product_brand":[],"product_cat":[1756,1764],"product_tag":[1810,1813],"acf":[],"_links":{"self":[{"href":"https:\/\/streetmarkets.fr\/app\/wp-json\/wp\/v2\/product\/711217"}],"collection":[{"href":"https:\/\/streetmarkets.fr\/app\/wp-json\/wp\/v2\/product"}],"about":[{"href":"https:\/\/streetmarkets.fr\/app\/wp-json\/wp\/v2\/types\/product"}],"replies":[{"embeddable":true,"href":"https:\/\/streetmarkets.fr\/app\/wp-json\/wp\/v2\/comments?post=711217"}],"wp:featuredmedia":[{"embeddable":true,"href":"https:\/\/streetmarkets.fr\/app\/wp-json\/wp\/v2\/media\/711218"}],"wp:attachment":[{"href":"https:\/\/streetmarkets.fr\/app\/wp-json\/wp\/v2\/media?parent=711217"}],"wp:term":[{"taxonomy":"product_brand","embeddable":true,"href":"https:\/\/streetmarkets.fr\/app\/wp-json\/wp\/v2\/product_brand?post=711217"},{"taxonomy":"product_cat","embeddable":true,"href":"https:\/\/streetmarkets.fr\/app\/wp-json\/wp\/v2\/product_cat?post=711217"},{"taxonomy":"product_tag","embeddable":true,"href":"https:\/\/streetmarkets.fr\/app\/wp-json\/wp\/v2\/product_tag?post=711217"}],"curies":[{"name":"wp","href":"https:\/\/api.w.org\/{rel}","templated":true}]}}