{"id":711209,"date":"2024-10-15T17:43:10","date_gmt":"2024-10-15T15:43:10","guid":{"rendered":"https:\/\/streetmarkets.fr\/app\/produit\/boucles-doreilles-ovales-ajourees\/"},"modified":"2026-04-29T01:42:35","modified_gmt":"2026-04-28T23:42:35","slug":"boucles-doreilles-ovales-ajourees","status":"publish","type":"product","link":"https:\/\/streetmarkets.fr\/app\/produit\/boucles-doreilles-ovales-ajourees\/","title":{"rendered":"Boucles d&#8217;oreilles ovales ajour\u00e9es"},"content":{"rendered":"<ul>\n<li>boucles ovales d\u00e9licatement ajour\u00e9es<\/li>\n<li>en <strong>laiton<\/strong>\n<\/li>\n<li>petite <strong>perle<\/strong> de verre noire\u00a0<\/li>\n<li>r\u00e9alis\u00e9es en Inde par les artisanes de &#8220;<strong>The Daughters of the Ganges<\/strong>&#8220;, atelier labellis\u00e9 <strong>WFTO<\/strong> (World Fairtrade Organization)<\/li>\n<li><strong>commerce \u00e9quitable<\/strong><\/li>\n<li>design exclusif pour la marque <strong>Nomads Clothing<\/strong>\n<\/li>\n<li>collier pendentif assorti\u00a0 \u00a0 \u00a0<a href=\"https:\/\/lesouriremulticolore.com\/products\/collier-pendentif-ovale-ajoure-daughters-of-the-ganges-nomads-clothing\" title=\"collier pendentif ovale ajour\u00e9 en laiton \">https:\/\/lesouriremulticolore.com\/products\/collier-pendentif-ovale-ajoure-daughters-of-the-ganges-nomads-clothing<\/a>\n<\/li>\n<\/ul>\n","protected":false},"excerpt":{"rendered":"<p>boucles ovales d\u00e9licatement ajour\u00e9es en laiton petite perle de verre noire\u00a0 r\u00e9alis\u00e9es en Inde par les artisanes de &#8220;The Daughters of the Ganges&#8220;, atelier labellis\u00e9 WFTO (World Fairtrade Organization) commerce \u00e9quitable design exclusif pour la marque Nomads Clothing collier pendentif assorti\u00a0 \u00a0 \u00a0https:\/\/lesouriremulticolore.com\/products\/collier-pendentif-ovale-ajoure-daughters-of-the-ganges-nomads-clothing<\/p>\n","protected":false},"featured_media":711210,"comment_status":"open","ping_status":"closed","template":"","meta":[],"product_brand":[],"product_cat":[1807,1756],"product_tag":[1810,1813],"acf":[],"_links":{"self":[{"href":"https:\/\/streetmarkets.fr\/app\/wp-json\/wp\/v2\/product\/711209"}],"collection":[{"href":"https:\/\/streetmarkets.fr\/app\/wp-json\/wp\/v2\/product"}],"about":[{"href":"https:\/\/streetmarkets.fr\/app\/wp-json\/wp\/v2\/types\/product"}],"replies":[{"embeddable":true,"href":"https:\/\/streetmarkets.fr\/app\/wp-json\/wp\/v2\/comments?post=711209"}],"wp:featuredmedia":[{"embeddable":true,"href":"https:\/\/streetmarkets.fr\/app\/wp-json\/wp\/v2\/media\/711210"}],"wp:attachment":[{"href":"https:\/\/streetmarkets.fr\/app\/wp-json\/wp\/v2\/media?parent=711209"}],"wp:term":[{"taxonomy":"product_brand","embeddable":true,"href":"https:\/\/streetmarkets.fr\/app\/wp-json\/wp\/v2\/product_brand?post=711209"},{"taxonomy":"product_cat","embeddable":true,"href":"https:\/\/streetmarkets.fr\/app\/wp-json\/wp\/v2\/product_cat?post=711209"},{"taxonomy":"product_tag","embeddable":true,"href":"https:\/\/streetmarkets.fr\/app\/wp-json\/wp\/v2\/product_tag?post=711209"}],"curies":[{"name":"wp","href":"https:\/\/api.w.org\/{rel}","templated":true}]}}