{"id":711178,"date":"2024-10-15T17:43:08","date_gmt":"2024-10-15T15:43:08","guid":{"rendered":"https:\/\/streetmarkets.fr\/app\/produit\/boucles-doreilles-oiseaux\/"},"modified":"2026-05-06T01:42:51","modified_gmt":"2026-05-05T23:42:51","slug":"boucles-doreilles-oiseaux","status":"publish","type":"product","link":"https:\/\/streetmarkets.fr\/app\/produit\/boucles-doreilles-oiseaux\/","title":{"rendered":"Boucles d&#8217;oreilles oiseaux"},"content":{"rendered":"<div class=\"product-single__description rte\">\n<h2>Production :<\/h2>\n<p>Ces<span>\u00a0<\/span><strong>bijoux<\/strong><span>\u00a0<\/span>sont r\u00e9alis\u00e9s \u00e0 partir d&#8217;emballages alimentaires aux Philippines. Cette technique du<span>\u00a0<\/span><strong>recyclage<\/strong><span>\u00a0<\/span>ou de l&#8217;<strong>upcycling<\/strong><span>\u00a0<\/span>provient de bouteilles de jus de fruits, de canettes, de chutes de cuirs, de papier, de plastique &#8230;<\/p>\n<p>Les coloris peuvent varier d&#8217;un mod\u00e8le \u00e0 un autre. Chaque pi\u00e8ce est<span>\u00a0<\/span><strong>unique<\/strong>.<\/p>\n<h2>Marque :<\/h2>\n<p><strong>E-moi<\/strong><span>\u00a0<\/span>a donn\u00e9 vie \u00e0 ce projet\u00a0<span>pour donner du travail \u00e0 des\u00a0<strong>coop\u00e9ratives de femmes<\/strong>\u00a0aux Philippines, en Tha\u00eflande et au Vietnam.<\/span><\/p>\n<h2><strong>Commerce \u00e9quitable :<\/strong><\/h2>\n<ul>\n<li>sensibilisation des populations locales \u00e0 la protection environnementale en les\u00a0 aidant \u00e0 la<span>\u00a0<\/span><strong>r\u00e9duction des d\u00e9chets<\/strong>, \u00e0 leur valorisation par le recyclage, en contribuant \u00e0 cr\u00e9er de beaux accessoires.<\/li>\n<li>utilisation des<strong><span>\u00a0<\/span>savoir-faire traditionnels\u00a0<\/strong>\n<\/li>\n<li>donner \u00e0 leurs employ\u00e9s- en particulier les femmes \u2013 des<span>\u00a0<\/span><strong>emplois r\u00e9guliers<\/strong>, de meilleurs revenus et donc un avenir plus rassurant pour toute leur famille<\/li>\n<li><strong>aucun travail d\u2019enfants<\/strong><\/li>\n<li>engagement \u00e0 payer des salaires corrects, \u00e0 fournir une formation r\u00e9guli\u00e8re et \u00e0 cr\u00e9er un bon environnement de travail\u00a0<\/li>\n<\/ul>\n<\/div>\n<div class=\"social-sharing\" data-permalink=\"\"><\/div>\n","protected":false},"excerpt":{"rendered":"<p>Production : Ces\u00a0bijoux\u00a0sont r\u00e9alis\u00e9s \u00e0 partir d&#8217;emballages alimentaires aux Philippines. Cette technique du\u00a0recyclage\u00a0ou de l&#8217;upcycling\u00a0provient de bouteilles de jus de fruits, de canettes, de chutes de cuirs, de papier, de plastique &#8230; Les coloris peuvent varier d&#8217;un mod\u00e8le \u00e0 un autre. Chaque pi\u00e8ce est\u00a0unique. Marque : E-moi\u00a0a donn\u00e9 vie \u00e0 ce projet\u00a0pour donner du travail [&hellip;]<\/p>\n","protected":false},"featured_media":711179,"comment_status":"open","ping_status":"closed","template":"","meta":[],"product_brand":[],"product_cat":[1807,1756],"product_tag":[1810,1813],"acf":[],"_links":{"self":[{"href":"https:\/\/streetmarkets.fr\/app\/wp-json\/wp\/v2\/product\/711178"}],"collection":[{"href":"https:\/\/streetmarkets.fr\/app\/wp-json\/wp\/v2\/product"}],"about":[{"href":"https:\/\/streetmarkets.fr\/app\/wp-json\/wp\/v2\/types\/product"}],"replies":[{"embeddable":true,"href":"https:\/\/streetmarkets.fr\/app\/wp-json\/wp\/v2\/comments?post=711178"}],"wp:featuredmedia":[{"embeddable":true,"href":"https:\/\/streetmarkets.fr\/app\/wp-json\/wp\/v2\/media\/711179"}],"wp:attachment":[{"href":"https:\/\/streetmarkets.fr\/app\/wp-json\/wp\/v2\/media?parent=711178"}],"wp:term":[{"taxonomy":"product_brand","embeddable":true,"href":"https:\/\/streetmarkets.fr\/app\/wp-json\/wp\/v2\/product_brand?post=711178"},{"taxonomy":"product_cat","embeddable":true,"href":"https:\/\/streetmarkets.fr\/app\/wp-json\/wp\/v2\/product_cat?post=711178"},{"taxonomy":"product_tag","embeddable":true,"href":"https:\/\/streetmarkets.fr\/app\/wp-json\/wp\/v2\/product_tag?post=711178"}],"curies":[{"name":"wp","href":"https:\/\/api.w.org\/{rel}","templated":true}]}}