{"id":711132,"date":"2024-10-15T17:43:05","date_gmt":"2024-10-15T15:43:05","guid":{"rendered":"https:\/\/streetmarkets.fr\/app\/produit\/pendentif-laminillas\/"},"modified":"2026-05-06T01:42:51","modified_gmt":"2026-05-05T23:42:51","slug":"pendentif-laminillas","status":"publish","type":"product","link":"https:\/\/streetmarkets.fr\/app\/produit\/pendentif-laminillas\/","title":{"rendered":"Pendentif Laminillas"},"content":{"rendered":"<ul>\n<li>pendentif en <strong>ivoire v\u00e9g\u00e9tal<\/strong>\n<\/li>\n<li>breloques multicolores<\/li>\n<li>\n<span>noix de\u00a0<\/span><strong>tagua<\/strong><span>\u00a0: albumen durci du fruit d&#8217;un palmier d&#8217;Am\u00e9rique du sud<\/span>\n<\/li>\n<li>cordon r\u00e9glable<\/li>\n<li>r\u00e9alis\u00e9 par des artisan.e.s en <strong>Equateur<\/strong>\n<\/li>\n<li><strong>commerce \u00e9quitable<\/strong><\/li>\n<li>marque<strong> Tagua and Co<\/strong>\n<\/li>\n<\/ul>\n","protected":false},"excerpt":{"rendered":"<p>pendentif en ivoire v\u00e9g\u00e9tal breloques multicolores noix de\u00a0tagua\u00a0: albumen durci du fruit d&#8217;un palmier d&#8217;Am\u00e9rique du sud cordon r\u00e9glable r\u00e9alis\u00e9 par des artisan.e.s en Equateur commerce \u00e9quitable marque Tagua and Co<\/p>\n","protected":false},"featured_media":711133,"comment_status":"open","ping_status":"closed","template":"","meta":[],"product_brand":[],"product_cat":[1807,1756],"product_tag":[1810,1813],"acf":[],"_links":{"self":[{"href":"https:\/\/streetmarkets.fr\/app\/wp-json\/wp\/v2\/product\/711132"}],"collection":[{"href":"https:\/\/streetmarkets.fr\/app\/wp-json\/wp\/v2\/product"}],"about":[{"href":"https:\/\/streetmarkets.fr\/app\/wp-json\/wp\/v2\/types\/product"}],"replies":[{"embeddable":true,"href":"https:\/\/streetmarkets.fr\/app\/wp-json\/wp\/v2\/comments?post=711132"}],"wp:featuredmedia":[{"embeddable":true,"href":"https:\/\/streetmarkets.fr\/app\/wp-json\/wp\/v2\/media\/711133"}],"wp:attachment":[{"href":"https:\/\/streetmarkets.fr\/app\/wp-json\/wp\/v2\/media?parent=711132"}],"wp:term":[{"taxonomy":"product_brand","embeddable":true,"href":"https:\/\/streetmarkets.fr\/app\/wp-json\/wp\/v2\/product_brand?post=711132"},{"taxonomy":"product_cat","embeddable":true,"href":"https:\/\/streetmarkets.fr\/app\/wp-json\/wp\/v2\/product_cat?post=711132"},{"taxonomy":"product_tag","embeddable":true,"href":"https:\/\/streetmarkets.fr\/app\/wp-json\/wp\/v2\/product_tag?post=711132"}],"curies":[{"name":"wp","href":"https:\/\/api.w.org\/{rel}","templated":true}]}}