{"id":711121,"date":"2024-10-15T17:43:04","date_gmt":"2024-10-15T15:43:04","guid":{"rendered":"https:\/\/streetmarkets.fr\/app\/produit\/boucles-doreilles-stick-en-corne\/"},"modified":"2026-05-09T01:42:42","modified_gmt":"2026-05-08T23:42:42","slug":"boucles-doreilles-stick-en-corne","status":"publish","type":"product","link":"https:\/\/streetmarkets.fr\/app\/produit\/boucles-doreilles-stick-en-corne\/","title":{"rendered":"Boucles d&#8217;oreilles stick en corne"},"content":{"rendered":"<ul>\n<li>boucles d&#8217;oreilles en <strong>corne<\/strong> de vache et <strong>laiton recycl\u00e9<\/strong>\n<\/li>\n<li>r\u00e9alis\u00e9es au<strong> Swaziland<\/strong> par l&#8217;artisan<strong> Mduduzi <\/strong>, fils d&#8217;\u00e9leveurs de b\u00e9tail\n<\/li>\n<li>hauteur 8 cm, largeur 0.5 cm<\/li>\n<li>marque<b> MondUni<\/b>\n<\/li>\n<li>mod\u00e8le disponible aussi en version <strong>blanche<\/strong> en <strong>os<\/strong>\n<\/li>\n<\/ul>\n","protected":false},"excerpt":{"rendered":"<p>boucles d&#8217;oreilles en corne de vache et laiton recycl\u00e9 r\u00e9alis\u00e9es au Swaziland par l&#8217;artisan Mduduzi , fils d&#8217;\u00e9leveurs de b\u00e9tail hauteur 8 cm, largeur 0.5 cm marque MondUni mod\u00e8le disponible aussi en version blanche en os<\/p>\n","protected":false},"featured_media":711122,"comment_status":"open","ping_status":"closed","template":"","meta":[],"product_brand":[],"product_cat":[1807,1756],"product_tag":[1810,1813],"acf":[],"_links":{"self":[{"href":"https:\/\/streetmarkets.fr\/app\/wp-json\/wp\/v2\/product\/711121"}],"collection":[{"href":"https:\/\/streetmarkets.fr\/app\/wp-json\/wp\/v2\/product"}],"about":[{"href":"https:\/\/streetmarkets.fr\/app\/wp-json\/wp\/v2\/types\/product"}],"replies":[{"embeddable":true,"href":"https:\/\/streetmarkets.fr\/app\/wp-json\/wp\/v2\/comments?post=711121"}],"wp:featuredmedia":[{"embeddable":true,"href":"https:\/\/streetmarkets.fr\/app\/wp-json\/wp\/v2\/media\/711122"}],"wp:attachment":[{"href":"https:\/\/streetmarkets.fr\/app\/wp-json\/wp\/v2\/media?parent=711121"}],"wp:term":[{"taxonomy":"product_brand","embeddable":true,"href":"https:\/\/streetmarkets.fr\/app\/wp-json\/wp\/v2\/product_brand?post=711121"},{"taxonomy":"product_cat","embeddable":true,"href":"https:\/\/streetmarkets.fr\/app\/wp-json\/wp\/v2\/product_cat?post=711121"},{"taxonomy":"product_tag","embeddable":true,"href":"https:\/\/streetmarkets.fr\/app\/wp-json\/wp\/v2\/product_tag?post=711121"}],"curies":[{"name":"wp","href":"https:\/\/api.w.org\/{rel}","templated":true}]}}