{"id":711039,"date":"2024-10-15T17:37:07","date_gmt":"2024-10-15T15:37:07","guid":{"rendered":"https:\/\/streetmarkets.fr\/app\/produit\/grrr-pull-cachemire-femme-madluv-4\/"},"modified":"2026-04-29T07:37:46","modified_gmt":"2026-04-29T05:37:46","slug":"grrr-pull-cachemire-femme-madluv-4","status":"publish","type":"product","link":"https:\/\/streetmarkets.fr\/app\/produit\/grrr-pull-cachemire-femme-madluv-4\/","title":{"rendered":"GRRR &#8211; Pull 100% Cachemire &#8211; Madluv"},"content":{"rendered":"<p>GRRR :Pull col V, manches longues, coupe oversize pour une taille unique, fendu sur les c\u00f4t\u00e9s. Motif GRRR r\u00e9alis\u00e9 en intarsia.100% cachemire &#8211; Taille Unique &#8211; Coloris : Beige &#8211; Existe aussi en Gris, Noir, Bleu Indigo.La livraison est offerte pour la France M\u00e9tropolitaine !<\/p>\n","protected":false},"excerpt":{"rendered":"<p>GRRR :Pull col V, manches longues, coupe oversize pour une taille unique, fendu sur les c\u00f4t\u00e9s. Motif GRRR r\u00e9alis\u00e9 en intarsia.100% cachemire &#8211; Taille Unique &#8211; Coloris : Beige &#8211; Existe aussi en Gris, Noir, Bleu Indigo.La livraison est offerte pour la France M\u00e9tropolitaine !<\/p>\n","protected":false},"featured_media":711040,"comment_status":"open","ping_status":"closed","template":"","meta":[],"product_brand":[],"product_cat":[1756,1758],"product_tag":[2244],"acf":[],"_links":{"self":[{"href":"https:\/\/streetmarkets.fr\/app\/wp-json\/wp\/v2\/product\/711039"}],"collection":[{"href":"https:\/\/streetmarkets.fr\/app\/wp-json\/wp\/v2\/product"}],"about":[{"href":"https:\/\/streetmarkets.fr\/app\/wp-json\/wp\/v2\/types\/product"}],"replies":[{"embeddable":true,"href":"https:\/\/streetmarkets.fr\/app\/wp-json\/wp\/v2\/comments?post=711039"}],"wp:featuredmedia":[{"embeddable":true,"href":"https:\/\/streetmarkets.fr\/app\/wp-json\/wp\/v2\/media\/711040"}],"wp:attachment":[{"href":"https:\/\/streetmarkets.fr\/app\/wp-json\/wp\/v2\/media?parent=711039"}],"wp:term":[{"taxonomy":"product_brand","embeddable":true,"href":"https:\/\/streetmarkets.fr\/app\/wp-json\/wp\/v2\/product_brand?post=711039"},{"taxonomy":"product_cat","embeddable":true,"href":"https:\/\/streetmarkets.fr\/app\/wp-json\/wp\/v2\/product_cat?post=711039"},{"taxonomy":"product_tag","embeddable":true,"href":"https:\/\/streetmarkets.fr\/app\/wp-json\/wp\/v2\/product_tag?post=711039"}],"curies":[{"name":"wp","href":"https:\/\/api.w.org\/{rel}","templated":true}]}}