{"id":710524,"date":"2024-10-15T17:35:50","date_gmt":"2024-10-15T15:35:50","guid":{"rendered":"https:\/\/streetmarkets.fr\/app\/produit\/sonia-bonnet-cachemire-madluv-2\/"},"modified":"2026-04-13T07:37:08","modified_gmt":"2026-04-13T05:37:08","slug":"sonia-bonnet-cachemire-madluv-2","status":"publish","type":"product","link":"https:\/\/streetmarkets.fr\/app\/produit\/sonia-bonnet-cachemire-madluv-2\/","title":{"rendered":"SONIA &#8211; Bonnet 100% Cachemire &#8211; Madluv"},"content":{"rendered":"<p>SONIA :Bonnet \u00e0 c\u00f4tes au bord ray\u00e9 multicolores.100% cachemire,\u00a0Taille Unique &#8211; Coloris : Noir ou Bleu Marine<\/p>\n","protected":false},"excerpt":{"rendered":"<p>SONIA :Bonnet \u00e0 c\u00f4tes au bord ray\u00e9 multicolores.100% cachemire,\u00a0Taille Unique &#8211; Coloris : Noir ou Bleu Marine<\/p>\n","protected":false},"featured_media":710525,"comment_status":"open","ping_status":"closed","template":"","meta":[],"product_brand":[],"product_cat":[1756,1764],"product_tag":[2244],"acf":[],"_links":{"self":[{"href":"https:\/\/streetmarkets.fr\/app\/wp-json\/wp\/v2\/product\/710524"}],"collection":[{"href":"https:\/\/streetmarkets.fr\/app\/wp-json\/wp\/v2\/product"}],"about":[{"href":"https:\/\/streetmarkets.fr\/app\/wp-json\/wp\/v2\/types\/product"}],"replies":[{"embeddable":true,"href":"https:\/\/streetmarkets.fr\/app\/wp-json\/wp\/v2\/comments?post=710524"}],"wp:featuredmedia":[{"embeddable":true,"href":"https:\/\/streetmarkets.fr\/app\/wp-json\/wp\/v2\/media\/710525"}],"wp:attachment":[{"href":"https:\/\/streetmarkets.fr\/app\/wp-json\/wp\/v2\/media?parent=710524"}],"wp:term":[{"taxonomy":"product_brand","embeddable":true,"href":"https:\/\/streetmarkets.fr\/app\/wp-json\/wp\/v2\/product_brand?post=710524"},{"taxonomy":"product_cat","embeddable":true,"href":"https:\/\/streetmarkets.fr\/app\/wp-json\/wp\/v2\/product_cat?post=710524"},{"taxonomy":"product_tag","embeddable":true,"href":"https:\/\/streetmarkets.fr\/app\/wp-json\/wp\/v2\/product_tag?post=710524"}],"curies":[{"name":"wp","href":"https:\/\/api.w.org\/{rel}","templated":true}]}}