{"id":710446,"date":"2024-10-15T17:32:52","date_gmt":"2024-10-15T15:32:52","guid":{"rendered":"https:\/\/streetmarkets.fr\/app\/produit\/t-shirt-locals-only-de-fuzi-x-the-woods\/"},"modified":"2026-05-08T03:32:38","modified_gmt":"2026-05-08T01:32:38","slug":"t-shirt-locals-only-de-fuzi-x-the-woods","status":"publish","type":"product","link":"https:\/\/streetmarkets.fr\/app\/produit\/t-shirt-locals-only-de-fuzi-x-the-woods\/","title":{"rendered":"T-Shirt Locals Only de Fuzi x The Woods"},"content":{"rendered":"<h2 style=\"text-align: center\">T-Shirt Locals Only de Fuzi x The Woods<\/h2>\n<p><span style=\"color: #808080\"><em>Artiste :<\/em><\/span> Fuzi<br \/> <span style=\"color: #808080\"><em>Marque :<\/em><\/span> <span>The Woods<\/span><br \/> <span style=\"color: #808080\"><em>Coloris :<\/em><\/span> lavande<br \/> <span style=\"color: #808080\"><em>Mat\u00e9riau :<\/em><\/span> 100% coton<\/p>\n<h2 style=\"text-align: center\">En savoir plus sur ce produit<br \/>\n<\/h2>\n<p><span>The Woods et Fuzi c\u00e9l\u00e8brent leur nouvelle collaboration estivale autour du surf avec la capsule &#8220;Locals Only&#8221;: collection compos\u00e9e de deux mod\u00e8les de tshirts unisexe, d&#8217;une casquette et d&#8217;une surf board shap\u00e9e par ChienVille SurfBoards.<\/span><\/p>\n<p>Dessin original exclusif de Fuzi en s\u00e9rigraphie \u00e0 l&#8217;avant du tshirt, emplacement coeur, repr\u00e9sentant les m\u00e2choires d&#8217;un requin et la typo LOCALS ONLY. Au dos du tshirt, s\u00e9rigrpahie grand format LOCALS ONLY et requin.<\/p>\n<p>Disponibles en \u00e9dition ultra limit\u00e9e chez The Woods Gallery et sur le site de l&#8217;artiste.<\/p>\n<h2 style=\"text-align: center\">En savoir plus sur cet artiste<br \/>\n<\/h2>\n<p><span style=\"font-weight: 400\">Fuzi est un illustrateur, tatoueur et graffeur parisien de renom.<br \/><\/span><span style=\"font-weight: 400\">Il fait ses d\u00e9buts dans les ann\u00e9es 90 au sein du groupe de graffeurs parisien UVTPK (Ultra Violent The Psychopath Killer), et se fait conna\u00eetre pour ses graffitis hors du commun gr\u00e2ce \u00e0 un style qui lui est propre. Fuzi est en effet \u00e0 l\u2019origine de l<\/span><i><span style=\"font-weight: 400\">\u2019Ignorant Style<\/span><\/i><span style=\"font-weight: 400\">, qui se traduit par un faux style na\u00eff et des dessins minimalistes. Il s\u2019affirme dans cette voie en d\u00e9cidant au cours des ann\u00e9es 2000 de devenir tatoueur et illustrateur et fonde par la suite sa marque <\/span><i><span style=\"font-weight: 400\">Ignorant People By Fuzi. <br \/><\/span><\/i><span style=\"font-weight: 400\">Il est d\u00e9sormais mondialement reconnu gr\u00e2ce \u00e0 l\u2019exposition de certaines de ses \u0153uvres \u00e0 Londres, Paris, New York, Stockholm, Sydney, Moscou, Taiwan et bien d\u2019autres.<\/span><\/p>\n","protected":false},"excerpt":{"rendered":"<p>T-Shirt Locals Only de Fuzi x The Woods Artiste : Fuzi Marque : The Woods Coloris : lavande Mat\u00e9riau : 100% coton En savoir plus sur ce produit The Woods et Fuzi c\u00e9l\u00e8brent leur nouvelle collaboration estivale autour du surf avec la capsule &#8220;Locals Only&#8221;: collection compos\u00e9e de deux mod\u00e8les de tshirts unisexe, d&#8217;une casquette [&hellip;]<\/p>\n","protected":false},"featured_media":710447,"comment_status":"open","ping_status":"closed","template":"","meta":[],"product_brand":[],"product_cat":[1756,1762],"product_tag":[2244,1811],"acf":[],"_links":{"self":[{"href":"https:\/\/streetmarkets.fr\/app\/wp-json\/wp\/v2\/product\/710446"}],"collection":[{"href":"https:\/\/streetmarkets.fr\/app\/wp-json\/wp\/v2\/product"}],"about":[{"href":"https:\/\/streetmarkets.fr\/app\/wp-json\/wp\/v2\/types\/product"}],"replies":[{"embeddable":true,"href":"https:\/\/streetmarkets.fr\/app\/wp-json\/wp\/v2\/comments?post=710446"}],"wp:featuredmedia":[{"embeddable":true,"href":"https:\/\/streetmarkets.fr\/app\/wp-json\/wp\/v2\/media\/710447"}],"wp:attachment":[{"href":"https:\/\/streetmarkets.fr\/app\/wp-json\/wp\/v2\/media?parent=710446"}],"wp:term":[{"taxonomy":"product_brand","embeddable":true,"href":"https:\/\/streetmarkets.fr\/app\/wp-json\/wp\/v2\/product_brand?post=710446"},{"taxonomy":"product_cat","embeddable":true,"href":"https:\/\/streetmarkets.fr\/app\/wp-json\/wp\/v2\/product_cat?post=710446"},{"taxonomy":"product_tag","embeddable":true,"href":"https:\/\/streetmarkets.fr\/app\/wp-json\/wp\/v2\/product_tag?post=710446"}],"curies":[{"name":"wp","href":"https:\/\/api.w.org\/{rel}","templated":true}]}}