{"id":710413,"date":"2024-10-15T17:32:50","date_gmt":"2024-10-15T15:32:50","guid":{"rendered":"https:\/\/streetmarkets.fr\/app\/produit\/top-en-maille-the-woods\/"},"modified":"2026-05-03T03:32:39","modified_gmt":"2026-05-03T01:32:39","slug":"top-en-maille-the-woods","status":"publish","type":"product","link":"https:\/\/streetmarkets.fr\/app\/produit\/top-en-maille-the-woods\/","title":{"rendered":"Top en maille &#8211; The Woods"},"content":{"rendered":"<div style=\"text-align: center\" class=\"zone_description\" data-mce-style=\"text-align: center;\">\n<h2 style=\"text-align: center\" data-mce-style=\"text-align: center;\">Top en maille &#8211; The Woods <\/h2>\n<p style=\"text-align: left\" data-mce-style=\"text-align: left;\"><span style=\"color: #808080\" data-mce-style=\"color: #808080;\"><em>Marque :<\/em><\/span> <span>The Woods<\/span><br \/> <span style=\"color: #808080\" data-mce-style=\"color: #808080;\"><em>Coloris :<\/em><\/span> Noir et Nude<br \/> <span style=\"color: #808080\" data-mce-style=\"color: #808080;\"><em>Mat\u00e9riau :<\/em><\/span> 100 % coton<br \/>Fabrication fran\u00e7aise<\/p>\n<p style=\"text-align: left\" data-mce-style=\"text-align: left;\"><span>Disponibilit\u00e9 :<\/span><span style=\"color: #5cb700\" data-mce-style=\"color: #5cb700;\"> En stock<\/span><\/p>\n<h2 style=\"text-align: center\" data-mce-style=\"text-align: center;\">En savoir plus sur ce produit<\/h2>\n<\/div>\n<p>Jolie maille en coton l\u00e9g\u00e8rement ajour\u00e9e <br \/>Emmanchures baseball <br \/>Manches pagodes \u00e9vas\u00e9es<br \/>Fabrication 100% fran\u00e7aise<\/p>\n<div style=\"text-align: center\" data-mce-style=\"text-align: center;\">\n<div style=\"text-align: left\" data-mce-style=\"text-align: left;\">\n<h2 style=\"text-align: center\" data-mce-style=\"text-align: center;\">En savoir plus sur la marque<\/h2>\n<\/div>\n<div style=\"text-align: left\" data-mce-style=\"text-align: left;\">\n<div>\n<div class=\"zone_description\">\n<div>\n<div>\n<div class=\"content\">\n<div>\n<div class=\"product-detail__detail\">\n<div class=\"rte\">\n<div class=\"product-detail__detail\">\n<div class=\"rte\">\n<div>\n<div class=\"foldable product_description\">\n<div class=\"content\">\n<div>\n<div>\n<div style=\"text-align: left\" data-mce-style=\"text-align: left;\">\n<div class=\"foldable product_description\">\n<div class=\"content\">\n<div><span>La marque The Woods est imagin\u00e9e par Lauren Lecoy.<br \/>Pi\u00e8ces uniques ou petites s\u00e9ries, fabrication chez des fa\u00e7onniers et couturiers fran\u00e7ais \u00e0 partir de surplus de tissus sourc\u00e9s de qualit\u00e9, de mati\u00e8res recycl\u00e9es ou naturelles : voil\u00e0 comment travaille la directrice artistique depuis 2016.<\/span><\/div>\n<div>\n<span><\/span>\n<\/div>\n<div>\n<p class=\"p1\">La marque s&#8217;inspire d&#8217;un monde r\u00e9tro futuriste imaginaire, d&#8217;h\u00e9roines avant-gardistes de la sc\u00e8ne musicale rock, d&#8217;un brin de magie, d&#8217;<span>astrologie, de paysages et de nature.<\/span> <\/p>\n<\/div>\n<p>Lauren Lecoy a travaill\u00e9 10 ans dans le secteur du luxe.<br \/>Elle a une formation de juriste et de Styliste Mod\u00e9liste.<br \/>Ils ont ouvert The Woods Gallery avec Simon Lecoy \u00e0 Paris en 2017: un concept store qui regroupe leurs passions respectives pour le design, la mode et l\u2019art contemporain.<br \/>Ils sont depuis toujours tous les deux sensibles au respect de l&#8217;environnement et \u00e0 l&#8217;\u00e9thique des m\u00e9thodes de production.<\/p>\n<\/div>\n<\/div>\n<\/div>\n<\/div>\n<\/div>\n<\/div>\n<\/div>\n<\/div>\n<\/div>\n<\/div>\n<\/div>\n<\/div>\n<\/div>\n<\/div>\n<\/div>\n<\/div>\n<\/div>\n<div>\n<div>\n<div class=\"content\"><\/div>\n<\/div>\n<\/div>\n<\/div>\n<\/div>\n<\/div>\n","protected":false},"excerpt":{"rendered":"<p>Top en maille &#8211; The Woods Marque : The Woods Coloris : Noir et Nude Mat\u00e9riau : 100 % cotonFabrication fran\u00e7aise Disponibilit\u00e9 : En stock En savoir plus sur ce produit Jolie maille en coton l\u00e9g\u00e8rement ajour\u00e9e Emmanchures baseball Manches pagodes \u00e9vas\u00e9esFabrication 100% fran\u00e7aise En savoir plus sur la marque La marque The Woods est [&hellip;]<\/p>\n","protected":false},"featured_media":710414,"comment_status":"open","ping_status":"closed","template":"","meta":[],"product_brand":[],"product_cat":[1756,1762],"product_tag":[2244,1811],"acf":[],"_links":{"self":[{"href":"https:\/\/streetmarkets.fr\/app\/wp-json\/wp\/v2\/product\/710413"}],"collection":[{"href":"https:\/\/streetmarkets.fr\/app\/wp-json\/wp\/v2\/product"}],"about":[{"href":"https:\/\/streetmarkets.fr\/app\/wp-json\/wp\/v2\/types\/product"}],"replies":[{"embeddable":true,"href":"https:\/\/streetmarkets.fr\/app\/wp-json\/wp\/v2\/comments?post=710413"}],"wp:featuredmedia":[{"embeddable":true,"href":"https:\/\/streetmarkets.fr\/app\/wp-json\/wp\/v2\/media\/710414"}],"wp:attachment":[{"href":"https:\/\/streetmarkets.fr\/app\/wp-json\/wp\/v2\/media?parent=710413"}],"wp:term":[{"taxonomy":"product_brand","embeddable":true,"href":"https:\/\/streetmarkets.fr\/app\/wp-json\/wp\/v2\/product_brand?post=710413"},{"taxonomy":"product_cat","embeddable":true,"href":"https:\/\/streetmarkets.fr\/app\/wp-json\/wp\/v2\/product_cat?post=710413"},{"taxonomy":"product_tag","embeddable":true,"href":"https:\/\/streetmarkets.fr\/app\/wp-json\/wp\/v2\/product_tag?post=710413"}],"curies":[{"name":"wp","href":"https:\/\/api.w.org\/{rel}","templated":true}]}}