{"id":710343,"date":"2024-10-15T17:32:20","date_gmt":"2024-10-15T15:32:20","guid":{"rendered":"https:\/\/streetmarkets.fr\/app\/produit\/trousse-de-toilette-hipaus-pikku-lokki-marimekko\/"},"modified":"2026-05-03T03:32:35","modified_gmt":"2026-05-03T01:32:35","slug":"trousse-de-toilette-hipaus-pikku-lokki-marimekko","status":"publish","type":"product","link":"https:\/\/streetmarkets.fr\/app\/produit\/trousse-de-toilette-hipaus-pikku-lokki-marimekko\/","title":{"rendered":"Trousse de toilette Hipaus Pikku Lokki &#8211; Marimekko"},"content":{"rendered":"<h2 style=\"text-align: center\" data-mce-style=\"text-align: center;\">Trousse de toiletteHipaus Pikku Lokki\u00a0&#8211; Marimekko<\/h2>\n<p><span style=\"color: #808080\" data-mce-style=\"color: #808080;\"><em>Designer :\u00a0<\/em><span style=\"color: #000000\">Maija ja Kristina Isola<\/span><em><br \/>Marque :<\/em><\/span>\u00a0Marimekko<br \/><span style=\"color: #808080\" data-mce-style=\"color: #808080;\"><em>Coloris :<\/em><\/span><span style=\"font-size: 0.875rem\">\u00a0Beige &#8211; marron &#8211; noir<br \/><\/span><span style=\"color: #808080\" data-mce-style=\"color: #808080;\"><em>Mat\u00e9riau :<\/em><\/span><span style=\"font-size: 0.875rem\">\u00a0<\/span><span style=\"font-size: 0.875rem\">\u00a0100% polyester\u00a0<br \/><\/span><span style=\"color: #808080\" data-mce-style=\"color: #808080;\"><em>Dimensions :<\/em><\/span><span style=\"font-size: 0.875rem\"> H 13,00 cm &#8211;\u00a0L 19.00 cm &#8211;\u00a0P 4.00 cm<\/span><\/p>\n<h2 style=\"text-align: center\" data-mce-style=\"text-align: center;\">En savoir plus sur ce produit<\/h2>\n<div>\n<p><span>Le petit sac \u00e0 cosm\u00e9tiques Hipaus est dot\u00e9 du motif Pikku Lokki, d&#8217;un logo Marimekko brod\u00e9 et d&#8217;une fermeture \u00e0 glissi\u00e8re.<\/span><br \/><span>Le mat\u00e9riau principal de ce produit est compos\u00e9 \u00e0 100 % de polyester recycl\u00e9.<\/span><br \/><span>L&#8217;id\u00e9e du motif Lokki (mouette) est venue \u00e0 Maija Isola lorsqu&#8217;elle regardait une fen\u00eatre avec un rideau trac\u00e9 \u00e0 travers elle. Le soleil brillait et les larges plis du rideau formaient des ombres ondul\u00e9es sur le tissu. Maija a eu une inspiration soudaine : si un tissu est imprim\u00e9 avec des vagues, m\u00eame un petit morceau de ce tissu appara\u00eet abondant, richement pli\u00e9.<\/span><\/p>\n<h2 style=\"text-align: center\" data-mce-style=\"text-align: center;\">En savoir plus sur ce designer\u00a0<\/h2>\n<p class=\"p f5\">La carri\u00e8re remarquable de Maija Isola (1927-2001) en tant que designer textile a d\u00e9but\u00e9 chez Printex, le pr\u00e9d\u00e9cesseur de Marimekko, en 1949 et a dur\u00e9 38 ans. Elle a con\u00e7u plus de 500 mod\u00e8les de tissus, qui couvrent une gamme extr\u00eamement vari\u00e9e de motifs et de techniques de conception.<\/p>\n<p class=\"p105 f5\">\u00a0Pour son travail, elle s&#8217;est inspir\u00e9e de l&#8217;art populaire traditionnel et de l&#8217;art visuel moderne, de la nature et de ses innombrables voyages \u00e0 travers le monde. Ses cr\u00e9ations, telles que Kivet (pierres), Unikko (pavot) et Kaivo (puits), continuent d\u2019\u00eatre des \u00e9l\u00e9ments essentiels des collections Marimekko.<\/p>\n<\/div>\n<h2 style=\"text-align: center\" data-mce-style=\"text-align: center;\">En savoir plus sur la marque<span style=\"font-weight: 400\" data-mce-style=\"font-weight: 400;\"><\/span><br \/>\n<\/h2>\n<p>Marimekko est une marque finlandaise de design et de mode fond\u00e9e en 1951 par Armi Ratia. Elle est c\u00e9l\u00e8bre pour ses motifs graphiques et color\u00e9s, ainsi que pour son approche novatrice du design. Marimekko est devenue une ic\u00f4ne du design finlandais et a gagn\u00e9 une renomm\u00e9e internationale pour ses cr\u00e9ations modernes et intemporelles.<\/p>\n<p>La marque propose une large gamme de produits allant de la mode, aux accessoires et \u00e0 la d\u00e9coration int\u00e9rieure. Chaque pi\u00e8ce est con\u00e7ue avec une grande attention port\u00e9e \u00e0 la qualit\u00e9, \u00e0 la durabilit\u00e9 et \u00e0 l&#8217;originalit\u00e9.<\/p>\n<p>Marimekko a su rester fid\u00e8le \u00e0 son h\u00e9ritage tout en continuant \u00e0 innover et \u00e0 \u00e9voluer au fil des ann\u00e9es. Aujourd&#8217;hui, elle est consid\u00e9r\u00e9e comme une r\u00e9f\u00e9rence dans le monde du design, en mettant en avant l&#8217;expression de soi \u00e0 travers la couleur, les formes et les motifs.<\/p>\n<p>Gr\u00e2ce \u00e0 sa philosophie du &#8220;joyeux style de vie&#8221;, Marimekko encourage les gens \u00e0 s&#8217;exprimer et \u00e0 se sentir bien dans leur peau gr\u00e2ce \u00e0 des produits \u00e0 la fois fonctionnels et esth\u00e9tiques. La marque est engag\u00e9e dans des pratiques durables et responsables, en utilisant des mat\u00e9riaux \u00e9cologiques et en veillant \u00e0 minimiser son impact sur l&#8217;environnement.<\/p>\n","protected":false},"excerpt":{"rendered":"<p>Trousse de toiletteHipaus Pikku Lokki\u00a0&#8211; Marimekko Designer :\u00a0Maija ja Kristina IsolaMarque :\u00a0MarimekkoColoris :\u00a0Beige &#8211; marron &#8211; noirMat\u00e9riau :\u00a0\u00a0100% polyester\u00a0Dimensions : H 13,00 cm &#8211;\u00a0L 19.00 cm &#8211;\u00a0P 4.00 cm En savoir plus sur ce produit Le petit sac \u00e0 cosm\u00e9tiques Hipaus est dot\u00e9 du motif Pikku Lokki, d&#8217;un logo Marimekko brod\u00e9 et d&#8217;une fermeture \u00e0 [&hellip;]<\/p>\n","protected":false},"featured_media":710344,"comment_status":"open","ping_status":"closed","template":"","meta":[],"product_brand":[],"product_cat":[1756,1764],"product_tag":[2244,1813],"acf":[],"_links":{"self":[{"href":"https:\/\/streetmarkets.fr\/app\/wp-json\/wp\/v2\/product\/710343"}],"collection":[{"href":"https:\/\/streetmarkets.fr\/app\/wp-json\/wp\/v2\/product"}],"about":[{"href":"https:\/\/streetmarkets.fr\/app\/wp-json\/wp\/v2\/types\/product"}],"replies":[{"embeddable":true,"href":"https:\/\/streetmarkets.fr\/app\/wp-json\/wp\/v2\/comments?post=710343"}],"wp:featuredmedia":[{"embeddable":true,"href":"https:\/\/streetmarkets.fr\/app\/wp-json\/wp\/v2\/media\/710344"}],"wp:attachment":[{"href":"https:\/\/streetmarkets.fr\/app\/wp-json\/wp\/v2\/media?parent=710343"}],"wp:term":[{"taxonomy":"product_brand","embeddable":true,"href":"https:\/\/streetmarkets.fr\/app\/wp-json\/wp\/v2\/product_brand?post=710343"},{"taxonomy":"product_cat","embeddable":true,"href":"https:\/\/streetmarkets.fr\/app\/wp-json\/wp\/v2\/product_cat?post=710343"},{"taxonomy":"product_tag","embeddable":true,"href":"https:\/\/streetmarkets.fr\/app\/wp-json\/wp\/v2\/product_tag?post=710343"}],"curies":[{"name":"wp","href":"https:\/\/api.w.org\/{rel}","templated":true}]}}