{"id":710321,"date":"2024-10-15T17:32:19","date_gmt":"2024-10-15T15:32:19","guid":{"rendered":"https:\/\/streetmarkets.fr\/app\/produit\/pochette-zippee-pistolet-de-toiletpaper-seletti\/"},"modified":"2026-04-12T03:32:32","modified_gmt":"2026-04-12T01:32:32","slug":"pochette-zippee-pistolet-de-toiletpaper-seletti","status":"publish","type":"product","link":"https:\/\/streetmarkets.fr\/app\/produit\/pochette-zippee-pistolet-de-toiletpaper-seletti\/","title":{"rendered":"Pochette zipp\u00e9e Pistolet de ToiletPaper &#8211; Seletti"},"content":{"rendered":"<h2 style=\"text-align: center\">Pochette zipp\u00e9e Pistolet de ToiletPaper &#8211; Seletti<\/h2>\n<p><span style=\"color: #808080\"><em>Designer :<\/em><\/span> ToiletPaper<br \/> <span style=\"color: #808080\"><em>Marque :<\/em><\/span> Seletti<br \/> <span style=\"color: #808080\"><em>Coloris :<\/em><\/span> Rouge, Noir, Dor\u00e9<br \/> <span style=\"color: #808080\"><em>Mat\u00e9riau : <\/em><\/span>Polyester , Polyur\u00e9thane, M\u00e9tal<\/p>\n<p><span style=\"color: #808080\"><em>Dimensions : <\/em><\/span><span>28 cm x 20 cm x 3 <\/span><span>cm<\/span><\/p>\n<p>Disponibilit\u00e9 :<span style=\"color: #5cb700\"><span> En stock<\/span><\/span><\/p>\n<h2 style=\"text-align: center\">En savoir plus sur ce produit<\/h2>\n<div>\n<div>\n<div>\n<p>La taille parfaite pour garder le n\u00e9cessaire et le moins n\u00e9cessaire entre vos mains.<\/p>\n<p><span>L&#8217;impression a \u00e9t\u00e9 s\u00e9lectionn\u00e9e par Maurizio Cattelan et Pierpaolo Ferrari, le duo derri\u00e8re cette collection. <\/span><span>La combinaison de mat\u00e9riaux connus et l&#8217;impression inattendue rend la collection Seletti wears Toiletpaper populaire dans presque toutes les sph\u00e8res.<\/span><\/p>\n<\/div>\n<\/div>\n<\/div>\n<h2 style=\"text-align: center\">En savoir plus sur ce designer <\/h2>\n<p><span style=\"font-weight: 400\">L\u2019italien Maurizio Cattelan aime la d\u00e9rision et susciter la pol\u00e9mique en cr\u00e9ant des \u0153uvres destin\u00e9es \u00e0 interpeller le public. Form\u00e9 de fa\u00e7on ind\u00e9pendante, il commence sa carri\u00e8re \u00e0 la fin des ann\u00e9es 1980. Ses \u0153uvres, qui prennent forme \u00e0 partir d&#8217;objets et de personnes du monde r\u00e9el, sont le r\u00e9sultat d&#8217;une op\u00e9ration irr\u00e9v\u00e9rencieuse contre l&#8217;art et les institutions. Cattelan ouvre sa propre galerie new-yorkaise, la Wrong Gallery, espace o\u00f9 rien ne se vend et qui demeure ferm\u00e9e de fa\u00e7on permanente. Cattelan cr\u00e9e des \u0153uvres qui font toujours scandale et donnent lieu \u00e0 toutes sortes d&#8217;interpr\u00e9tations, jusqu&#8217;\u00e0 mettre en cause la religion et le sacr\u00e9, comme La Nona Ora, sculpture qui repr\u00e9sente une effigie, en cire et grandeur nature, du d\u00e9funt pape Jean-Paul II terrass\u00e9 par une m\u00e9t\u00e9orite. Sa sculpture \u00ab LOVE \u00bb expos\u00e9e sur la Piazza Affari \u00e0 Milan depuis 2010 provoque les habitants et remet en cause l\u2019histoire de cette place de la finance par un simple geste (doigt d\u2019honneur).<\/span><span style=\"font-weight: 400\"><br \/><\/span><span style=\"font-weight: 400\">Le mus\u00e9e Guggenheim de New York a pr\u00e9sent\u00e9 en janvier 2012 une r\u00e9trospective de son \u0153uvre sur 21 ann\u00e9es, intitul\u00e9e \u00ab Maurizio Cattelan: All \u00bb. En juin 2010, il lance le magazine semestriel Toiletpaper avec le photographe Pierpaolo Ferrari contenant des images pleines d\u2019humour et de fantaisie. Toiletpaper est d\u00e9sormais une marque d\u00e9clinant ses images kitsch en objets de d\u00e9coration et marque de v\u00eatements.<\/span><\/p>\n<p><span style=\"font-weight: 400\">Fond\u00e9 en 2010, Toiletpaper est un magazine d\u2019artistes cr\u00e9\u00e9 et produit par l\u2019artiste Maurizio Cattelan figure phare de l\u2019art contemporain international reconnu pour son go\u00fbt pour l\u2019humour et la provocation, et le c\u00e9l\u00e8bre photographe et directeur artistique Pierpaolo Ferrari.<\/span><span style=\"font-weight: 400\"><br \/><\/span><span style=\"font-weight: 400\">A mi-chemin entre le magazine et le livre d\u2019art, Toiletpaper est unique en son genre. Chaque num\u00e9ro, depuis le premier de 2010, contient des images destin\u00e9es \u00e0 interpeller, choquer le spectateur. Chaque photographie est \u00e9tudi\u00e9e et mise en sc\u00e8ne afin de donner vie \u00e0 des images d\u00e9routantes et perturbantes: cela se fait \u00e9tonnamment sans aucun trucage. <\/span><span style=\"font-weight: 400\"><br \/><\/span><span style=\"font-weight: 400\">Toiletpaper est engag\u00e9: les images qu\u2019il contient d\u00e9noncent en grande majorit\u00e9 la soci\u00e9t\u00e9 de consommation d\u2019aujourd\u2019hui r\u00e9gie par l\u2019importance d\u00e9di\u00e9e \u00e0 l\u2019apparence. <\/span><span style=\"font-weight: 400\"><br \/><\/span><span style=\"font-weight: 400\">S\u2019associant avec des marques mais aussi des mus\u00e9es, les images originales que partagent Toiletpaper font l\u2019objet de campagnes et d\u2019expositions comme en juin 2014 sur toute la fa\u00e7ade du Palais de Tokyo \u00e0 Paris.<\/span><\/p>\n<p><span style=\"font-weight: 400\"> <br \/><\/span><span style=\"font-weight: 400\">Ils signent pour Seletti une collection capsule sans \u00e9quivalent, \u00e0 la fois provocatrice, dr\u00f4le, absurde, d\u00e9viante&#8230;<\/span><\/p>\n<p><span style=\"font-weight: 400\">Les assiettes, mugs, nappes et savon de cette collection sont orn\u00e9s d&#8217;images surr\u00e9alistes tir\u00e9es de leurs magazines.<\/span><\/p>\n<p><span style=\"font-weight: 400\">Doigts coup\u00e9s parfaitement manucur\u00e9s, savon croqu\u00e9, poisson farci de pierres pr\u00e9cieuses, canari \u00e0 l&#8217;aile coup\u00e9e&#8230; Les motifs oniriques et teint\u00e9s d&#8217;humour noir de Toiletpaper empruntent \u00e0 la mode et \u00e0 la publicit\u00e9, combinant photographie commerciale, r\u00e9cits visuels tordus et imagerie surr\u00e9aliste.<\/span><\/p>\n<p><span style=\"font-weight: 400\">Les diff\u00e9rentes pi\u00e8ces de la collection Toiletpaper sont autant de tableaux saisissants, m\u00e9langes de normalit\u00e9 d\u00e9rangeante et de troublante ambigu\u00eft\u00e9, devant lesquels l&#8217;effroi se m\u00eale au plaisir visuel. <\/span><\/p>\n<p><span style=\"font-weight: 400\">Oeuvre d&#8217;art en tant que telle, la collection Toiletpaper interroge, de par l&#8217;accessibilit\u00e9 de son prix et de sa large distribution, sur la nature et les limites du march\u00e9 de l&#8217;art contemporain.<\/span><\/p>\n<p><span style=\"font-weight: 400\">Un questionnement qui est au centre du travail de Maurizio Cattelan depuis toujours&#8230;<\/span><\/p>\n<h2 style=\"text-align: center\">En savoir plus sur la marque<\/h2>\n<p><span style=\"font-weight: 400\">Entreprise familiale, l\u2019entreprise Seletti a \u00e9t\u00e9 fond\u00e9e en 1964 par Romano Seletti. Tout d\u2019abord destin\u00e9e \u00e0 importer des produits du quotidien comme des tasses en fer blanc ou des nappes en plastique sur des march\u00e9s italiens locaux, Seletti est aujourd\u2019hui une entreprise productrice d\u2019 objets design pris\u00e9s par les concept-stores du monde entier. <\/span><span style=\"font-weight: 400\"><br \/><\/span><span style=\"font-weight: 400\">C\u2019est le fils Stefano travaillant d\u00e8s 1987 \u00e0 l\u2019\u00e2ge de 17 ans qui a apport\u00e9 \u00e0 la marque une vision nouvelle et lui a permis de se d\u00e9velopper en tant que fabricant. Ayant effectu\u00e9 plusieurs partenariats avec des artistes tel que Maurizio Cattelan, Stefano Seletti souhaite rendre, avec Seletti, le design accessible \u00e0 tous.<\/span><\/p>\n<div><span><\/span><\/div>\n","protected":false},"excerpt":{"rendered":"<p>Pochette zipp\u00e9e Pistolet de ToiletPaper &#8211; Seletti Designer : ToiletPaper Marque : Seletti Coloris : Rouge, Noir, Dor\u00e9 Mat\u00e9riau : Polyester , Polyur\u00e9thane, M\u00e9tal Dimensions : 28 cm x 20 cm x 3 cm Disponibilit\u00e9 : En stock En savoir plus sur ce produit La taille parfaite pour garder le n\u00e9cessaire et le moins n\u00e9cessaire [&hellip;]<\/p>\n","protected":false},"featured_media":710322,"comment_status":"open","ping_status":"closed","template":"","meta":[],"product_brand":[],"product_cat":[1756,1764],"product_tag":[2244,1813],"acf":[],"_links":{"self":[{"href":"https:\/\/streetmarkets.fr\/app\/wp-json\/wp\/v2\/product\/710321"}],"collection":[{"href":"https:\/\/streetmarkets.fr\/app\/wp-json\/wp\/v2\/product"}],"about":[{"href":"https:\/\/streetmarkets.fr\/app\/wp-json\/wp\/v2\/types\/product"}],"replies":[{"embeddable":true,"href":"https:\/\/streetmarkets.fr\/app\/wp-json\/wp\/v2\/comments?post=710321"}],"wp:featuredmedia":[{"embeddable":true,"href":"https:\/\/streetmarkets.fr\/app\/wp-json\/wp\/v2\/media\/710322"}],"wp:attachment":[{"href":"https:\/\/streetmarkets.fr\/app\/wp-json\/wp\/v2\/media?parent=710321"}],"wp:term":[{"taxonomy":"product_brand","embeddable":true,"href":"https:\/\/streetmarkets.fr\/app\/wp-json\/wp\/v2\/product_brand?post=710321"},{"taxonomy":"product_cat","embeddable":true,"href":"https:\/\/streetmarkets.fr\/app\/wp-json\/wp\/v2\/product_cat?post=710321"},{"taxonomy":"product_tag","embeddable":true,"href":"https:\/\/streetmarkets.fr\/app\/wp-json\/wp\/v2\/product_tag?post=710321"}],"curies":[{"name":"wp","href":"https:\/\/api.w.org\/{rel}","templated":true}]}}