{"id":710299,"date":"2024-10-15T17:32:17","date_gmt":"2024-10-15T15:32:17","guid":{"rendered":"https:\/\/streetmarkets.fr\/app\/produit\/tote-bag-lipstick-seletti-x-toiletpaper\/"},"modified":"2026-04-28T03:32:38","modified_gmt":"2026-04-28T01:32:38","slug":"tote-bag-lipstick-seletti-x-toiletpaper","status":"publish","type":"product","link":"https:\/\/streetmarkets.fr\/app\/produit\/tote-bag-lipstick-seletti-x-toiletpaper\/","title":{"rendered":"Tote Bag Lipstick &#8211; Seletti x Toiletpaper"},"content":{"rendered":"<h2 style=\"text-align: center\" data-mce-style=\"text-align: center;\">Tote Bag\u00a0Lipstick\u00a0&#8211; Seletti x Toiletpaper<\/h2>\n<div class=\"did-page\">\n<p><span style=\"color: #808080\" data-mce-style=\"color: #808080;\"><em>Marque :<\/em><\/span> <span>Seletti<\/span><br \/> <span style=\"color: #808080\" data-mce-style=\"color: #808080;\"><em>Coloris :<\/em><\/span>\u00a0Noir<br \/> <span style=\"color: #808080\" data-mce-style=\"color: #808080;\"><em>Mat\u00e9riaux :\u00a0<\/em><\/span><span class=\"ltr-4y8w0i-Body e1s5vycj0\">Pvc 100% et<\/span><span class=\"ltr-4y8w0i-Body e1s5vycj0\">\u00a0<\/span><span class=\"ltr-4y8w0i-Body e1s5vycj0\">Polyester 100%<\/span><br \/> <span style=\"color: #808080\" data-mce-style=\"color: #808080;\"><em>Dimensions :<\/em><\/span>\u00a0L 42<span data-mce-fragment=\"1\">\u00a0X H 69\u00a0cm x l 7,5\u00a0<\/span><\/p>\n<h2 style=\"text-align: center\" data-mce-style=\"text-align: center;\">En savoir plus sur ce produit<\/h2>\n<p>  <span data-mce-fragment=\"1\">Les tote bags sont des sacs fourre-tout pratiques et \u00e9cologiques qui ont gagn\u00e9 en popularit\u00e9 ces derni\u00e8res ann\u00e9es. Non seulement ils sont faciles \u00e0 transporter, mais ils sont \u00e9galement un excellent moyen de r\u00e9duire l&#8217;utilisation de sacs en plastique \u00e0 usage unique. Ensuite, les sacs fourre-tout avec des imprim\u00e9s originaux et audacieux sont un excellent moyen de se d\u00e9marquer. Si vous cherchez un sac fourre-tout pratique, original et beau, les totes bags de Seletti x Toiletpaper sont fais\u00a0pour vous !\u00a0<\/span>\n<\/div>\n<div class=\"did-page\">\n<span data-mce-fragment=\"1\"><\/span>\n<\/div>\n<div class=\"did-page\">\n<h2 style=\"text-align: center\" data-mce-style=\"text-align: center;\">En savoir plus sur la marque<\/h2>\n<p><span style=\"font-weight: 400\" data-mce-style=\"font-weight: 400;\">Entreprise familiale, l\u2019entreprise Seletti a \u00e9t\u00e9 fond\u00e9e en 1964 par Romano Seletti. Tout d\u2019abord destin\u00e9e \u00e0 importer des produits du quotidien comme des tasses en fer blanc ou des nappes en plastique sur des march\u00e9s italiens locaux, Seletti est aujourd\u2019hui une entreprise productrice d\u2019 objets design pris\u00e9s par les concept-stores du monde entier. <\/span><span style=\"font-weight: 400\" data-mce-style=\"font-weight: 400;\"><br \/><\/span><span style=\"font-weight: 400\" data-mce-style=\"font-weight: 400;\">C\u2019est le fils Stefano travaillant d\u00e8s 1987 \u00e0 l\u2019\u00e2ge de 17 ans qui a apport\u00e9 \u00e0 la marque une vision nouvelle et lui a permis de se d\u00e9velopper en tant que fabricant. Ayant effectu\u00e9 plusieurs partenariats avec des artistes tel que Maurizio Cattelan, Stefano Seletti souhaite rendre, avec Seletti, le design accessible \u00e0 tous.<\/span><\/p>\n<\/div>\n","protected":false},"excerpt":{"rendered":"<p>Tote Bag\u00a0Lipstick\u00a0&#8211; Seletti x Toiletpaper Marque : Seletti Coloris :\u00a0Noir Mat\u00e9riaux :\u00a0Pvc 100% et\u00a0Polyester 100% Dimensions :\u00a0L 42\u00a0X H 69\u00a0cm x l 7,5\u00a0 En savoir plus sur ce produit Les tote bags sont des sacs fourre-tout pratiques et \u00e9cologiques qui ont gagn\u00e9 en popularit\u00e9 ces derni\u00e8res ann\u00e9es. Non seulement ils sont faciles \u00e0 transporter, mais [&hellip;]<\/p>\n","protected":false},"featured_media":710300,"comment_status":"open","ping_status":"closed","template":"","meta":[],"product_brand":[],"product_cat":[1756,1764],"product_tag":[2244,1813],"acf":[],"_links":{"self":[{"href":"https:\/\/streetmarkets.fr\/app\/wp-json\/wp\/v2\/product\/710299"}],"collection":[{"href":"https:\/\/streetmarkets.fr\/app\/wp-json\/wp\/v2\/product"}],"about":[{"href":"https:\/\/streetmarkets.fr\/app\/wp-json\/wp\/v2\/types\/product"}],"replies":[{"embeddable":true,"href":"https:\/\/streetmarkets.fr\/app\/wp-json\/wp\/v2\/comments?post=710299"}],"wp:featuredmedia":[{"embeddable":true,"href":"https:\/\/streetmarkets.fr\/app\/wp-json\/wp\/v2\/media\/710300"}],"wp:attachment":[{"href":"https:\/\/streetmarkets.fr\/app\/wp-json\/wp\/v2\/media?parent=710299"}],"wp:term":[{"taxonomy":"product_brand","embeddable":true,"href":"https:\/\/streetmarkets.fr\/app\/wp-json\/wp\/v2\/product_brand?post=710299"},{"taxonomy":"product_cat","embeddable":true,"href":"https:\/\/streetmarkets.fr\/app\/wp-json\/wp\/v2\/product_cat?post=710299"},{"taxonomy":"product_tag","embeddable":true,"href":"https:\/\/streetmarkets.fr\/app\/wp-json\/wp\/v2\/product_tag?post=710299"}],"curies":[{"name":"wp","href":"https:\/\/api.w.org\/{rel}","templated":true}]}}