{"id":710287,"date":"2024-10-15T17:32:17","date_gmt":"2024-10-15T15:32:17","guid":{"rendered":"https:\/\/streetmarkets.fr\/app\/produit\/sac-a-dos-snakes-seletti-x-toiletpaper\/"},"modified":"2026-04-12T03:32:31","modified_gmt":"2026-04-12T01:32:31","slug":"sac-a-dos-snakes-seletti-x-toiletpaper","status":"publish","type":"product","link":"https:\/\/streetmarkets.fr\/app\/produit\/sac-a-dos-snakes-seletti-x-toiletpaper\/","title":{"rendered":"Sac \u00e0 dos Snakes &#8211; Seletti x Toiletpaper"},"content":{"rendered":"<h2 style=\"text-align: center\" data-mce-style=\"text-align: center;\">Sac \u00e0 dos\u00a0Snakes\u00a0&#8211; Seletti x Toiletpaper<\/h2>\n<div class=\"did-page\">\n<p><span style=\"color: #808080\" data-mce-style=\"color: #808080;\"><em>Marque :<\/em><\/span> <span>Seletti<\/span><br \/> <span style=\"color: #808080\" data-mce-style=\"color: #808080;\"><em>Coloris :<\/em><\/span>\u00a0Noir<br \/> <span style=\"color: #808080\" data-mce-style=\"color: #808080;\"><em>Mat\u00e9riaux :\u00a0<\/em><\/span><span class=\"ltr-4y8w0i-Body e1s5vycj0\">Pvc 100% et<\/span><span class=\"ltr-4y8w0i-Body e1s5vycj0\">\u00a0<\/span><span class=\"ltr-4y8w0i-Body e1s5vycj0\">Polyester 100%<\/span><br \/> <span style=\"color: #808080\" data-mce-style=\"color: #808080;\"><em>Dimensions :<\/em><\/span>\u00a0L 33<span data-mce-fragment=\"1\">\u00a0X H 43 cm x l 18,5\u00a0<\/span><\/p>\n<h2 style=\"text-align: center\" data-mce-style=\"text-align: center;\">En savoir plus sur ce produit<\/h2>\n<p> <span data-mce-fragment=\"1\">Le sac \u00e0 dos\u00a0est un accessoire indispensable pour les voyageurs, mais trouver un sac qui soit \u00e0 la fois pratique, beau et original peut \u00eatre un v\u00e9ritable d\u00e9fi.\u00a0Heureusement, Seletti et Toiletpaper\u00a0ont r\u00e9ussi \u00e0 cr\u00e9er des sacs \u00e0 dos\u00a0uniques et fonctionnels.\u00a0Investir dans un sac \u00e0 dos\u00a0de qualit\u00e9 peut \u00eatre un choix judicieux pour les voyageurs fr\u00e9quents, qui ont besoin d&#8217;un sac fiable pour leurs aventures.<\/span>\n<\/div>\n<div class=\"did-page\">\n<span data-mce-fragment=\"1\"><\/span>\n<\/div>\n<div class=\"did-page\">\n<h2 style=\"text-align: center\" data-mce-style=\"text-align: center;\">En savoir plus sur la marque<\/h2>\n<p><span style=\"font-weight: 400\" data-mce-style=\"font-weight: 400;\">Entreprise familiale, l\u2019entreprise Seletti a \u00e9t\u00e9 fond\u00e9e en 1964 par Romano Seletti. Tout d\u2019abord destin\u00e9e \u00e0 importer des produits du quotidien comme des tasses en fer blanc ou des nappes en plastique sur des march\u00e9s italiens locaux, Seletti est aujourd\u2019hui une entreprise productrice d\u2019 objets design pris\u00e9s par les concept-stores du monde entier. <\/span><span style=\"font-weight: 400\" data-mce-style=\"font-weight: 400;\"><br \/><\/span><span style=\"font-weight: 400\" data-mce-style=\"font-weight: 400;\">C\u2019est le fils Stefano travaillant d\u00e8s 1987 \u00e0 l\u2019\u00e2ge de 17 ans qui a apport\u00e9 \u00e0 la marque une vision nouvelle et lui a permis de se d\u00e9velopper en tant que fabricant. Ayant effectu\u00e9 plusieurs partenariats avec des artistes tel que Maurizio Cattelan, Stefano Seletti souhaite rendre, avec Seletti, le design accessible \u00e0 tous.<\/span><\/p>\n<\/div>\n","protected":false},"excerpt":{"rendered":"<p>Sac \u00e0 dos\u00a0Snakes\u00a0&#8211; Seletti x Toiletpaper Marque : Seletti Coloris :\u00a0Noir Mat\u00e9riaux :\u00a0Pvc 100% et\u00a0Polyester 100% Dimensions :\u00a0L 33\u00a0X H 43 cm x l 18,5\u00a0 En savoir plus sur ce produit Le sac \u00e0 dos\u00a0est un accessoire indispensable pour les voyageurs, mais trouver un sac qui soit \u00e0 la fois pratique, beau et original peut [&hellip;]<\/p>\n","protected":false},"featured_media":710288,"comment_status":"open","ping_status":"closed","template":"","meta":[],"product_brand":[],"product_cat":[1756,1764],"product_tag":[2244,1813],"acf":[],"_links":{"self":[{"href":"https:\/\/streetmarkets.fr\/app\/wp-json\/wp\/v2\/product\/710287"}],"collection":[{"href":"https:\/\/streetmarkets.fr\/app\/wp-json\/wp\/v2\/product"}],"about":[{"href":"https:\/\/streetmarkets.fr\/app\/wp-json\/wp\/v2\/types\/product"}],"replies":[{"embeddable":true,"href":"https:\/\/streetmarkets.fr\/app\/wp-json\/wp\/v2\/comments?post=710287"}],"wp:featuredmedia":[{"embeddable":true,"href":"https:\/\/streetmarkets.fr\/app\/wp-json\/wp\/v2\/media\/710288"}],"wp:attachment":[{"href":"https:\/\/streetmarkets.fr\/app\/wp-json\/wp\/v2\/media?parent=710287"}],"wp:term":[{"taxonomy":"product_brand","embeddable":true,"href":"https:\/\/streetmarkets.fr\/app\/wp-json\/wp\/v2\/product_brand?post=710287"},{"taxonomy":"product_cat","embeddable":true,"href":"https:\/\/streetmarkets.fr\/app\/wp-json\/wp\/v2\/product_cat?post=710287"},{"taxonomy":"product_tag","embeddable":true,"href":"https:\/\/streetmarkets.fr\/app\/wp-json\/wp\/v2\/product_tag?post=710287"}],"curies":[{"name":"wp","href":"https:\/\/api.w.org\/{rel}","templated":true}]}}