{"id":709878,"date":"2024-10-15T16:49:07","date_gmt":"2024-10-15T14:49:07","guid":{"rendered":"https:\/\/streetmarkets.fr\/app\/produit\/nouveau-chemise-beau-rayee-violet-white-xirena\/"},"modified":"2025-09-17T02:02:05","modified_gmt":"2025-09-17T00:02:05","slug":"nouveau-chemise-beau-rayee-violet-white-xirena","status":"publish","type":"product","link":"https:\/\/streetmarkets.fr\/app\/produit\/nouveau-chemise-beau-rayee-violet-white-xirena\/","title":{"rendered":"Nouveau ! XIRENA Chemise Beau Ray\u00e9e Violet White -40%"},"content":{"rendered":"<p data-rte-preserve-empty=\"true\"><span>Chemise en coton \u00e0 fines rayures, coupe ample et droite, manches longues et poignets resserr\u00e9s, douce et agr\u00e9able. \u00c9galement disponible dans d\u2019autres couleurs.<\/span><\/p>\n<p data-rte-preserve-empty=\"true\">D\u00e9tail : 100% coton<\/p>\n","protected":false},"excerpt":{"rendered":"<p>Chemise en coton \u00e0 fines rayures, coupe ample et droite, manches longues et poignets resserr\u00e9s, douce et agr\u00e9able. \u00c9galement disponible dans d\u2019autres couleurs. D\u00e9tail : 100% coton<\/p>\n","protected":false},"featured_media":709879,"comment_status":"open","ping_status":"closed","template":"","meta":[],"product_brand":[],"product_cat":[1756,1758],"product_tag":[2244],"acf":[],"_links":{"self":[{"href":"https:\/\/streetmarkets.fr\/app\/wp-json\/wp\/v2\/product\/709878"}],"collection":[{"href":"https:\/\/streetmarkets.fr\/app\/wp-json\/wp\/v2\/product"}],"about":[{"href":"https:\/\/streetmarkets.fr\/app\/wp-json\/wp\/v2\/types\/product"}],"replies":[{"embeddable":true,"href":"https:\/\/streetmarkets.fr\/app\/wp-json\/wp\/v2\/comments?post=709878"}],"wp:featuredmedia":[{"embeddable":true,"href":"https:\/\/streetmarkets.fr\/app\/wp-json\/wp\/v2\/media\/709879"}],"wp:attachment":[{"href":"https:\/\/streetmarkets.fr\/app\/wp-json\/wp\/v2\/media?parent=709878"}],"wp:term":[{"taxonomy":"product_brand","embeddable":true,"href":"https:\/\/streetmarkets.fr\/app\/wp-json\/wp\/v2\/product_brand?post=709878"},{"taxonomy":"product_cat","embeddable":true,"href":"https:\/\/streetmarkets.fr\/app\/wp-json\/wp\/v2\/product_cat?post=709878"},{"taxonomy":"product_tag","embeddable":true,"href":"https:\/\/streetmarkets.fr\/app\/wp-json\/wp\/v2\/product_tag?post=709878"}],"curies":[{"name":"wp","href":"https:\/\/api.w.org\/{rel}","templated":true}]}}