{"id":709869,"date":"2024-10-15T16:49:06","date_gmt":"2024-10-15T14:49:06","guid":{"rendered":"https:\/\/streetmarkets.fr\/app\/produit\/nouveau-blouse-maxime-ecru-bellepiece\/"},"modified":"2025-02-26T01:04:42","modified_gmt":"2025-02-26T00:04:42","slug":"nouveau-blouse-maxime-ecru-bellepiece","status":"publish","type":"product","link":"https:\/\/streetmarkets.fr\/app\/produit\/nouveau-blouse-maxime-ecru-bellepiece\/","title":{"rendered":"Nouveau ! BELLEPIECE Blouse Maxime Ecru -40%"},"content":{"rendered":"<p>Blouse en coton coupe ample, manches longues bouffantes et poignets resserr\u00e9s, emmanchure large, encolure arrondie boutonn\u00e9e et pliss\u00e9e.<\/p>\n<p>D\u00e9tail : 81% viscose, 12% laine, 6% polyamide, 1% \u00e9lasthanne<\/p>\n","protected":false},"excerpt":{"rendered":"<p>Blouse en coton coupe ample, manches longues bouffantes et poignets resserr\u00e9s, emmanchure large, encolure arrondie boutonn\u00e9e et pliss\u00e9e. D\u00e9tail : 81% viscose, 12% laine, 6% polyamide, 1% \u00e9lasthanne<\/p>\n","protected":false},"featured_media":709870,"comment_status":"open","ping_status":"closed","template":"","meta":[],"product_brand":[],"product_cat":[1756,1758],"product_tag":[2244],"acf":[],"_links":{"self":[{"href":"https:\/\/streetmarkets.fr\/app\/wp-json\/wp\/v2\/product\/709869"}],"collection":[{"href":"https:\/\/streetmarkets.fr\/app\/wp-json\/wp\/v2\/product"}],"about":[{"href":"https:\/\/streetmarkets.fr\/app\/wp-json\/wp\/v2\/types\/product"}],"replies":[{"embeddable":true,"href":"https:\/\/streetmarkets.fr\/app\/wp-json\/wp\/v2\/comments?post=709869"}],"wp:featuredmedia":[{"embeddable":true,"href":"https:\/\/streetmarkets.fr\/app\/wp-json\/wp\/v2\/media\/709870"}],"wp:attachment":[{"href":"https:\/\/streetmarkets.fr\/app\/wp-json\/wp\/v2\/media?parent=709869"}],"wp:term":[{"taxonomy":"product_brand","embeddable":true,"href":"https:\/\/streetmarkets.fr\/app\/wp-json\/wp\/v2\/product_brand?post=709869"},{"taxonomy":"product_cat","embeddable":true,"href":"https:\/\/streetmarkets.fr\/app\/wp-json\/wp\/v2\/product_cat?post=709869"},{"taxonomy":"product_tag","embeddable":true,"href":"https:\/\/streetmarkets.fr\/app\/wp-json\/wp\/v2\/product_tag?post=709869"}],"curies":[{"name":"wp","href":"https:\/\/api.w.org\/{rel}","templated":true}]}}