{"id":709858,"date":"2024-10-15T16:49:05","date_gmt":"2024-10-15T14:49:05","guid":{"rendered":"https:\/\/streetmarkets.fr\/app\/produit\/nouveau-veste-london-navy-check-bellepiece\/"},"modified":"2025-02-26T01:04:42","modified_gmt":"2025-02-26T00:04:42","slug":"nouveau-veste-london-navy-check-bellepiece","status":"publish","type":"product","link":"https:\/\/streetmarkets.fr\/app\/produit\/nouveau-veste-london-navy-check-bellepiece\/","title":{"rendered":"Nouveau ! BELLEPIECE Veste London Navy Check -20%"},"content":{"rendered":"<p>Veste en laine, coupe ample, manches longues, emmanchure large, deux poches lat\u00e9rales, boutonn\u00e9 devant. Chaude et confortable. Le mod\u00e8le taille grand.<\/p>\n<p>D\u00e9tail : 100% laine<\/p>\n","protected":false},"excerpt":{"rendered":"<p>Veste en laine, coupe ample, manches longues, emmanchure large, deux poches lat\u00e9rales, boutonn\u00e9 devant. Chaude et confortable. Le mod\u00e8le taille grand. D\u00e9tail : 100% laine<\/p>\n","protected":false},"featured_media":709859,"comment_status":"open","ping_status":"closed","template":"","meta":[],"product_brand":[],"product_cat":[1756,1758],"product_tag":[2244],"acf":[],"_links":{"self":[{"href":"https:\/\/streetmarkets.fr\/app\/wp-json\/wp\/v2\/product\/709858"}],"collection":[{"href":"https:\/\/streetmarkets.fr\/app\/wp-json\/wp\/v2\/product"}],"about":[{"href":"https:\/\/streetmarkets.fr\/app\/wp-json\/wp\/v2\/types\/product"}],"replies":[{"embeddable":true,"href":"https:\/\/streetmarkets.fr\/app\/wp-json\/wp\/v2\/comments?post=709858"}],"wp:featuredmedia":[{"embeddable":true,"href":"https:\/\/streetmarkets.fr\/app\/wp-json\/wp\/v2\/media\/709859"}],"wp:attachment":[{"href":"https:\/\/streetmarkets.fr\/app\/wp-json\/wp\/v2\/media?parent=709858"}],"wp:term":[{"taxonomy":"product_brand","embeddable":true,"href":"https:\/\/streetmarkets.fr\/app\/wp-json\/wp\/v2\/product_brand?post=709858"},{"taxonomy":"product_cat","embeddable":true,"href":"https:\/\/streetmarkets.fr\/app\/wp-json\/wp\/v2\/product_cat?post=709858"},{"taxonomy":"product_tag","embeddable":true,"href":"https:\/\/streetmarkets.fr\/app\/wp-json\/wp\/v2\/product_tag?post=709858"}],"curies":[{"name":"wp","href":"https:\/\/api.w.org\/{rel}","templated":true}]}}