{"id":709848,"date":"2024-10-15T16:49:04","date_gmt":"2024-10-15T14:49:04","guid":{"rendered":"https:\/\/streetmarkets.fr\/app\/produit\/nouveau-robe-gary-garden-bellepiece\/"},"modified":"2025-02-26T01:04:42","modified_gmt":"2025-02-26T00:04:42","slug":"nouveau-robe-gary-garden-bellepiece","status":"publish","type":"product","link":"https:\/\/streetmarkets.fr\/app\/produit\/nouveau-robe-gary-garden-bellepiece\/","title":{"rendered":"Nouveau ! BELLEPIECE Robe Gary Garden -40%"},"content":{"rendered":"<p>Robe longue fluide \u00e0 motif floral, coupe ample, manches longues et poignets resserr\u00e9s, encolure arrondie et boutonn\u00e9e, peut se porter avec ou sans la ceinture. Le mod\u00e8le taille grand. <\/p>\n<p>D\u00e9tail : 100% viscose<\/p>\n","protected":false},"excerpt":{"rendered":"<p>Robe longue fluide \u00e0 motif floral, coupe ample, manches longues et poignets resserr\u00e9s, encolure arrondie et boutonn\u00e9e, peut se porter avec ou sans la ceinture. Le mod\u00e8le taille grand. D\u00e9tail : 100% viscose<\/p>\n","protected":false},"featured_media":709849,"comment_status":"open","ping_status":"closed","template":"","meta":[],"product_brand":[],"product_cat":[1756,1758],"product_tag":[2244],"acf":[],"_links":{"self":[{"href":"https:\/\/streetmarkets.fr\/app\/wp-json\/wp\/v2\/product\/709848"}],"collection":[{"href":"https:\/\/streetmarkets.fr\/app\/wp-json\/wp\/v2\/product"}],"about":[{"href":"https:\/\/streetmarkets.fr\/app\/wp-json\/wp\/v2\/types\/product"}],"replies":[{"embeddable":true,"href":"https:\/\/streetmarkets.fr\/app\/wp-json\/wp\/v2\/comments?post=709848"}],"wp:featuredmedia":[{"embeddable":true,"href":"https:\/\/streetmarkets.fr\/app\/wp-json\/wp\/v2\/media\/709849"}],"wp:attachment":[{"href":"https:\/\/streetmarkets.fr\/app\/wp-json\/wp\/v2\/media?parent=709848"}],"wp:term":[{"taxonomy":"product_brand","embeddable":true,"href":"https:\/\/streetmarkets.fr\/app\/wp-json\/wp\/v2\/product_brand?post=709848"},{"taxonomy":"product_cat","embeddable":true,"href":"https:\/\/streetmarkets.fr\/app\/wp-json\/wp\/v2\/product_cat?post=709848"},{"taxonomy":"product_tag","embeddable":true,"href":"https:\/\/streetmarkets.fr\/app\/wp-json\/wp\/v2\/product_tag?post=709848"}],"curies":[{"name":"wp","href":"https:\/\/api.w.org\/{rel}","templated":true}]}}