{"id":709838,"date":"2024-10-15T16:49:03","date_gmt":"2024-10-15T14:49:03","guid":{"rendered":"https:\/\/streetmarkets.fr\/app\/produit\/nouveau-pull-devon-old-pink-bellepiece\/"},"modified":"2025-02-26T01:04:42","modified_gmt":"2025-02-26T00:04:42","slug":"nouveau-pull-devon-old-pink-bellepiece","status":"publish","type":"product","link":"https:\/\/streetmarkets.fr\/app\/produit\/nouveau-pull-devon-old-pink-bellepiece\/","title":{"rendered":"Nouveau ! BELLEPIECE Pull Devon Old Pink -30%"},"content":{"rendered":"<p>Pull en laine coupe ample, encolure arrondie, manches longues \u00e9vas\u00e9es, emmanchure large. Doux et chaud.<\/p>\n<p>D\u00e9tail : 55% alpaca, 27% polyamide, 13% laine merinos, 5% \u00e9lasthanne<\/p>\n","protected":false},"excerpt":{"rendered":"<p>Pull en laine coupe ample, encolure arrondie, manches longues \u00e9vas\u00e9es, emmanchure large. Doux et chaud. D\u00e9tail : 55% alpaca, 27% polyamide, 13% laine merinos, 5% \u00e9lasthanne<\/p>\n","protected":false},"featured_media":709839,"comment_status":"open","ping_status":"closed","template":"","meta":[],"product_brand":[],"product_cat":[1756,1758],"product_tag":[2244],"acf":[],"_links":{"self":[{"href":"https:\/\/streetmarkets.fr\/app\/wp-json\/wp\/v2\/product\/709838"}],"collection":[{"href":"https:\/\/streetmarkets.fr\/app\/wp-json\/wp\/v2\/product"}],"about":[{"href":"https:\/\/streetmarkets.fr\/app\/wp-json\/wp\/v2\/types\/product"}],"replies":[{"embeddable":true,"href":"https:\/\/streetmarkets.fr\/app\/wp-json\/wp\/v2\/comments?post=709838"}],"wp:featuredmedia":[{"embeddable":true,"href":"https:\/\/streetmarkets.fr\/app\/wp-json\/wp\/v2\/media\/709839"}],"wp:attachment":[{"href":"https:\/\/streetmarkets.fr\/app\/wp-json\/wp\/v2\/media?parent=709838"}],"wp:term":[{"taxonomy":"product_brand","embeddable":true,"href":"https:\/\/streetmarkets.fr\/app\/wp-json\/wp\/v2\/product_brand?post=709838"},{"taxonomy":"product_cat","embeddable":true,"href":"https:\/\/streetmarkets.fr\/app\/wp-json\/wp\/v2\/product_cat?post=709838"},{"taxonomy":"product_tag","embeddable":true,"href":"https:\/\/streetmarkets.fr\/app\/wp-json\/wp\/v2\/product_tag?post=709838"}],"curies":[{"name":"wp","href":"https:\/\/api.w.org\/{rel}","templated":true}]}}