{"id":709830,"date":"2024-10-15T16:49:02","date_gmt":"2024-10-15T14:49:02","guid":{"rendered":"https:\/\/streetmarkets.fr\/app\/produit\/nouveau-pull-danny-old-pink-bellepiece\/"},"modified":"2025-02-26T01:04:41","modified_gmt":"2025-02-26T00:04:41","slug":"nouveau-pull-danny-old-pink-bellepiece","status":"publish","type":"product","link":"https:\/\/streetmarkets.fr\/app\/produit\/nouveau-pull-danny-old-pink-bellepiece\/","title":{"rendered":"Nouveau ! BELLEPIECE Pull Danny Old Pink -40%"},"content":{"rendered":"<p class=\"\">Pull en laine coupe ample et droite, encolure V, manches longues et poignets resserr\u00e9s, emmanchure large. \u00c9galement disponible dans la couleur Light Grey. <\/p>\n<p class=\"\">D\u00e9tail : 55% alpaca, 27% polyamide, 13% laine merinos, 5% \u00e9lasthanne<\/p>\n","protected":false},"excerpt":{"rendered":"<p>Pull en laine coupe ample et droite, encolure V, manches longues et poignets resserr\u00e9s, emmanchure large. \u00c9galement disponible dans la couleur Light Grey. D\u00e9tail : 55% alpaca, 27% polyamide, 13% laine merinos, 5% \u00e9lasthanne<\/p>\n","protected":false},"featured_media":709831,"comment_status":"open","ping_status":"closed","template":"","meta":[],"product_brand":[],"product_cat":[1756,1758],"product_tag":[2244],"acf":[],"_links":{"self":[{"href":"https:\/\/streetmarkets.fr\/app\/wp-json\/wp\/v2\/product\/709830"}],"collection":[{"href":"https:\/\/streetmarkets.fr\/app\/wp-json\/wp\/v2\/product"}],"about":[{"href":"https:\/\/streetmarkets.fr\/app\/wp-json\/wp\/v2\/types\/product"}],"replies":[{"embeddable":true,"href":"https:\/\/streetmarkets.fr\/app\/wp-json\/wp\/v2\/comments?post=709830"}],"wp:featuredmedia":[{"embeddable":true,"href":"https:\/\/streetmarkets.fr\/app\/wp-json\/wp\/v2\/media\/709831"}],"wp:attachment":[{"href":"https:\/\/streetmarkets.fr\/app\/wp-json\/wp\/v2\/media?parent=709830"}],"wp:term":[{"taxonomy":"product_brand","embeddable":true,"href":"https:\/\/streetmarkets.fr\/app\/wp-json\/wp\/v2\/product_brand?post=709830"},{"taxonomy":"product_cat","embeddable":true,"href":"https:\/\/streetmarkets.fr\/app\/wp-json\/wp\/v2\/product_cat?post=709830"},{"taxonomy":"product_tag","embeddable":true,"href":"https:\/\/streetmarkets.fr\/app\/wp-json\/wp\/v2\/product_tag?post=709830"}],"curies":[{"name":"wp","href":"https:\/\/api.w.org\/{rel}","templated":true}]}}