{"id":709757,"date":"2024-10-15T16:48:55","date_gmt":"2024-10-15T14:48:55","guid":{"rendered":"https:\/\/streetmarkets.fr\/app\/produit\/nouveau-chemise-beau-stripes-fire-pink-xirena-precommande\/"},"modified":"2025-06-30T02:04:57","modified_gmt":"2025-06-30T00:04:57","slug":"nouveau-chemise-beau-stripes-fire-pink-xirena-precommande","status":"publish","type":"product","link":"https:\/\/streetmarkets.fr\/app\/produit\/nouveau-chemise-beau-stripes-fire-pink-xirena-precommande\/","title":{"rendered":"Nouveau ! XIRENA Chemise Beau Stripes Fire Pink -30%"},"content":{"rendered":"<p data-rte-preserve-empty=\"true\">Chemise en coton \u00e0 fines rayures, coupe ample et droite, manches longues et poignets resserr\u00e9s, douce et agr\u00e9able. \u00c9galement disponible dans d\u2019autres couleurs.<\/p>\n<p data-rte-preserve-empty=\"true\">\n<p data-rte-preserve-empty=\"true\"><span>D\u00e9tail : 100% coton<\/span><\/p>\n","protected":false},"excerpt":{"rendered":"<p>Chemise en coton \u00e0 fines rayures, coupe ample et droite, manches longues et poignets resserr\u00e9s, douce et agr\u00e9able. \u00c9galement disponible dans d\u2019autres couleurs. D\u00e9tail : 100% coton<\/p>\n","protected":false},"featured_media":709758,"comment_status":"open","ping_status":"closed","template":"","meta":[],"product_brand":[],"product_cat":[1756,1758],"product_tag":[2244],"acf":[],"_links":{"self":[{"href":"https:\/\/streetmarkets.fr\/app\/wp-json\/wp\/v2\/product\/709757"}],"collection":[{"href":"https:\/\/streetmarkets.fr\/app\/wp-json\/wp\/v2\/product"}],"about":[{"href":"https:\/\/streetmarkets.fr\/app\/wp-json\/wp\/v2\/types\/product"}],"replies":[{"embeddable":true,"href":"https:\/\/streetmarkets.fr\/app\/wp-json\/wp\/v2\/comments?post=709757"}],"wp:featuredmedia":[{"embeddable":true,"href":"https:\/\/streetmarkets.fr\/app\/wp-json\/wp\/v2\/media\/709758"}],"wp:attachment":[{"href":"https:\/\/streetmarkets.fr\/app\/wp-json\/wp\/v2\/media?parent=709757"}],"wp:term":[{"taxonomy":"product_brand","embeddable":true,"href":"https:\/\/streetmarkets.fr\/app\/wp-json\/wp\/v2\/product_brand?post=709757"},{"taxonomy":"product_cat","embeddable":true,"href":"https:\/\/streetmarkets.fr\/app\/wp-json\/wp\/v2\/product_cat?post=709757"},{"taxonomy":"product_tag","embeddable":true,"href":"https:\/\/streetmarkets.fr\/app\/wp-json\/wp\/v2\/product_tag?post=709757"}],"curies":[{"name":"wp","href":"https:\/\/api.w.org\/{rel}","templated":true}]}}