{"id":709722,"date":"2024-10-15T16:48:51","date_gmt":"2024-10-15T14:48:51","guid":{"rendered":"https:\/\/streetmarkets.fr\/app\/produit\/nouveau-pull-troncoso-cidre-masscob\/"},"modified":"2025-02-26T01:03:56","modified_gmt":"2025-02-26T00:03:56","slug":"nouveau-pull-troncoso-cidre-masscob","status":"publish","type":"product","link":"https:\/\/streetmarkets.fr\/app\/produit\/nouveau-pull-troncoso-cidre-masscob\/","title":{"rendered":"MASSCOB Pull Troncoso Cidre"},"content":{"rendered":"<p>L\u2019un des mod\u00e8les cultes de MASSCOB, en laine coupe ample, encolure V, manches longues, tout doux et chaud. \u00c9galement disponible dans les couleurs Straw et Petal.<\/p>\n<p>D\u00e9tail : 35% merinos, 30% baby alpaca, 35% acrylique<\/p>\n","protected":false},"excerpt":{"rendered":"<p>L\u2019un des mod\u00e8les cultes de MASSCOB, en laine coupe ample, encolure V, manches longues, tout doux et chaud. \u00c9galement disponible dans les couleurs Straw et Petal. D\u00e9tail : 35% merinos, 30% baby alpaca, 35% acrylique<\/p>\n","protected":false},"featured_media":709723,"comment_status":"open","ping_status":"closed","template":"","meta":[],"product_brand":[],"product_cat":[1756,1758],"product_tag":[2244],"acf":[],"_links":{"self":[{"href":"https:\/\/streetmarkets.fr\/app\/wp-json\/wp\/v2\/product\/709722"}],"collection":[{"href":"https:\/\/streetmarkets.fr\/app\/wp-json\/wp\/v2\/product"}],"about":[{"href":"https:\/\/streetmarkets.fr\/app\/wp-json\/wp\/v2\/types\/product"}],"replies":[{"embeddable":true,"href":"https:\/\/streetmarkets.fr\/app\/wp-json\/wp\/v2\/comments?post=709722"}],"wp:featuredmedia":[{"embeddable":true,"href":"https:\/\/streetmarkets.fr\/app\/wp-json\/wp\/v2\/media\/709723"}],"wp:attachment":[{"href":"https:\/\/streetmarkets.fr\/app\/wp-json\/wp\/v2\/media?parent=709722"}],"wp:term":[{"taxonomy":"product_brand","embeddable":true,"href":"https:\/\/streetmarkets.fr\/app\/wp-json\/wp\/v2\/product_brand?post=709722"},{"taxonomy":"product_cat","embeddable":true,"href":"https:\/\/streetmarkets.fr\/app\/wp-json\/wp\/v2\/product_cat?post=709722"},{"taxonomy":"product_tag","embeddable":true,"href":"https:\/\/streetmarkets.fr\/app\/wp-json\/wp\/v2\/product_tag?post=709722"}],"curies":[{"name":"wp","href":"https:\/\/api.w.org\/{rel}","templated":true}]}}