{"id":709708,"date":"2024-10-15T16:48:49","date_gmt":"2024-10-15T14:48:49","guid":{"rendered":"https:\/\/streetmarkets.fr\/app\/produit\/nouveau-blouse-gillian-white-xirena-precommande\/"},"modified":"2025-06-25T02:04:41","modified_gmt":"2025-06-25T00:04:41","slug":"nouveau-blouse-gillian-white-xirena-precommande","status":"publish","type":"product","link":"https:\/\/streetmarkets.fr\/app\/produit\/nouveau-blouse-gillian-white-xirena-precommande\/","title":{"rendered":"Nouveau ! XIRENA Blouse Gillian White"},"content":{"rendered":"<p data-rte-preserve-empty=\"true\">\n<p data-rte-preserve-empty=\"true\">Blouse en coton coupe ample, manches longues et poignets resserr\u00e9s. Volants sur le col et la patte de boutonnage. \u00c9galement disponible dans la couleur Dusty Rose et North Star ( bleu marine ).<\/p>\n<p data-rte-preserve-empty=\"true\">\n<p data-rte-preserve-empty=\"true\">D\u00e9tail : 100% coton<\/p>\n","protected":false},"excerpt":{"rendered":"<p>Blouse en coton coupe ample, manches longues et poignets resserr\u00e9s. Volants sur le col et la patte de boutonnage. \u00c9galement disponible dans la couleur Dusty Rose et North Star ( bleu marine ). D\u00e9tail : 100% coton<\/p>\n","protected":false},"featured_media":709709,"comment_status":"open","ping_status":"closed","template":"","meta":[],"product_brand":[],"product_cat":[1756,1758],"product_tag":[2244],"acf":[],"_links":{"self":[{"href":"https:\/\/streetmarkets.fr\/app\/wp-json\/wp\/v2\/product\/709708"}],"collection":[{"href":"https:\/\/streetmarkets.fr\/app\/wp-json\/wp\/v2\/product"}],"about":[{"href":"https:\/\/streetmarkets.fr\/app\/wp-json\/wp\/v2\/types\/product"}],"replies":[{"embeddable":true,"href":"https:\/\/streetmarkets.fr\/app\/wp-json\/wp\/v2\/comments?post=709708"}],"wp:featuredmedia":[{"embeddable":true,"href":"https:\/\/streetmarkets.fr\/app\/wp-json\/wp\/v2\/media\/709709"}],"wp:attachment":[{"href":"https:\/\/streetmarkets.fr\/app\/wp-json\/wp\/v2\/media?parent=709708"}],"wp:term":[{"taxonomy":"product_brand","embeddable":true,"href":"https:\/\/streetmarkets.fr\/app\/wp-json\/wp\/v2\/product_brand?post=709708"},{"taxonomy":"product_cat","embeddable":true,"href":"https:\/\/streetmarkets.fr\/app\/wp-json\/wp\/v2\/product_cat?post=709708"},{"taxonomy":"product_tag","embeddable":true,"href":"https:\/\/streetmarkets.fr\/app\/wp-json\/wp\/v2\/product_tag?post=709708"}],"curies":[{"name":"wp","href":"https:\/\/api.w.org\/{rel}","templated":true}]}}