{"id":709700,"date":"2024-10-15T16:48:49","date_gmt":"2024-10-15T14:48:49","guid":{"rendered":"https:\/\/streetmarkets.fr\/app\/produit\/nouveau-blouse-gillian-dusty-rose-xirena-precommande\/"},"modified":"2026-01-05T01:05:00","modified_gmt":"2026-01-05T00:05:00","slug":"nouveau-blouse-gillian-dusty-rose-xirena-precommande","status":"publish","type":"product","link":"https:\/\/streetmarkets.fr\/app\/produit\/nouveau-blouse-gillian-dusty-rose-xirena-precommande\/","title":{"rendered":"XIRENA Blouse Gillian Dusty Rose -30%"},"content":{"rendered":"<p data-rte-preserve-empty=\"true\">Blouse en coton, coupe ample et droite, manches longues et poignets resserr\u00e9s. D\u00e9tails de volants sur le col et la patte de boutonnage. \u00c9galement disponible dans les couleurs White et North Star ( bleu marine ).<\/p>\n<p data-rte-preserve-empty=\"true\">\n<p data-rte-preserve-empty=\"true\">D\u00e9tail : 100% coton<\/p>\n","protected":false},"excerpt":{"rendered":"<p>Blouse en coton, coupe ample et droite, manches longues et poignets resserr\u00e9s. D\u00e9tails de volants sur le col et la patte de boutonnage. \u00c9galement disponible dans les couleurs White et North Star ( bleu marine ). D\u00e9tail : 100% coton<\/p>\n","protected":false},"featured_media":709701,"comment_status":"open","ping_status":"closed","template":"","meta":[],"product_brand":[],"product_cat":[1756,1758],"product_tag":[2244],"acf":[],"_links":{"self":[{"href":"https:\/\/streetmarkets.fr\/app\/wp-json\/wp\/v2\/product\/709700"}],"collection":[{"href":"https:\/\/streetmarkets.fr\/app\/wp-json\/wp\/v2\/product"}],"about":[{"href":"https:\/\/streetmarkets.fr\/app\/wp-json\/wp\/v2\/types\/product"}],"replies":[{"embeddable":true,"href":"https:\/\/streetmarkets.fr\/app\/wp-json\/wp\/v2\/comments?post=709700"}],"wp:featuredmedia":[{"embeddable":true,"href":"https:\/\/streetmarkets.fr\/app\/wp-json\/wp\/v2\/media\/709701"}],"wp:attachment":[{"href":"https:\/\/streetmarkets.fr\/app\/wp-json\/wp\/v2\/media?parent=709700"}],"wp:term":[{"taxonomy":"product_brand","embeddable":true,"href":"https:\/\/streetmarkets.fr\/app\/wp-json\/wp\/v2\/product_brand?post=709700"},{"taxonomy":"product_cat","embeddable":true,"href":"https:\/\/streetmarkets.fr\/app\/wp-json\/wp\/v2\/product_cat?post=709700"},{"taxonomy":"product_tag","embeddable":true,"href":"https:\/\/streetmarkets.fr\/app\/wp-json\/wp\/v2\/product_tag?post=709700"}],"curies":[{"name":"wp","href":"https:\/\/api.w.org\/{rel}","templated":true}]}}