{"id":709686,"date":"2024-10-15T16:48:17","date_gmt":"2024-10-15T14:48:17","guid":{"rendered":"https:\/\/streetmarkets.fr\/app\/produit\/nouveau-blouse-kendall-orchid-ice-xirena-precommande\/"},"modified":"2025-06-11T02:05:28","modified_gmt":"2025-06-11T00:05:28","slug":"nouveau-blouse-kendall-orchid-ice-xirena-precommande","status":"publish","type":"product","link":"https:\/\/streetmarkets.fr\/app\/produit\/nouveau-blouse-kendall-orchid-ice-xirena-precommande\/","title":{"rendered":"Nouveau ! XIRENA Blouse Kendall Orchid Ice"},"content":{"rendered":"<p data-rte-preserve-empty=\"true\">Blouse l\u00e9g\u00e8re en coton, coupe ample, manches longues et poignets resserr\u00e9s, emmanchure large et fin volant sur le col. \u00c9galement disponible dans la couleur White.<\/p>\n<p data-rte-preserve-empty=\"true\">\n<p data-rte-preserve-empty=\"true\">D\u00e9tail : 100% coton<\/p>\n","protected":false},"excerpt":{"rendered":"<p>Blouse l\u00e9g\u00e8re en coton, coupe ample, manches longues et poignets resserr\u00e9s, emmanchure large et fin volant sur le col. \u00c9galement disponible dans la couleur White. D\u00e9tail : 100% coton<\/p>\n","protected":false},"featured_media":709687,"comment_status":"open","ping_status":"closed","template":"","meta":[],"product_brand":[],"product_cat":[1756,1762],"product_tag":[2244],"acf":[],"_links":{"self":[{"href":"https:\/\/streetmarkets.fr\/app\/wp-json\/wp\/v2\/product\/709686"}],"collection":[{"href":"https:\/\/streetmarkets.fr\/app\/wp-json\/wp\/v2\/product"}],"about":[{"href":"https:\/\/streetmarkets.fr\/app\/wp-json\/wp\/v2\/types\/product"}],"replies":[{"embeddable":true,"href":"https:\/\/streetmarkets.fr\/app\/wp-json\/wp\/v2\/comments?post=709686"}],"wp:featuredmedia":[{"embeddable":true,"href":"https:\/\/streetmarkets.fr\/app\/wp-json\/wp\/v2\/media\/709687"}],"wp:attachment":[{"href":"https:\/\/streetmarkets.fr\/app\/wp-json\/wp\/v2\/media?parent=709686"}],"wp:term":[{"taxonomy":"product_brand","embeddable":true,"href":"https:\/\/streetmarkets.fr\/app\/wp-json\/wp\/v2\/product_brand?post=709686"},{"taxonomy":"product_cat","embeddable":true,"href":"https:\/\/streetmarkets.fr\/app\/wp-json\/wp\/v2\/product_cat?post=709686"},{"taxonomy":"product_tag","embeddable":true,"href":"https:\/\/streetmarkets.fr\/app\/wp-json\/wp\/v2\/product_tag?post=709686"}],"curies":[{"name":"wp","href":"https:\/\/api.w.org\/{rel}","templated":true}]}}