{"id":709648,"date":"2024-10-15T16:48:10","date_gmt":"2024-10-15T14:48:10","guid":{"rendered":"https:\/\/streetmarkets.fr\/app\/produit\/nouveau-blouse-juul-pink-laurence-bras\/"},"modified":"2025-09-17T02:00:55","modified_gmt":"2025-09-17T00:00:55","slug":"nouveau-blouse-juul-pink-laurence-bras","status":"publish","type":"product","link":"https:\/\/streetmarkets.fr\/app\/produit\/nouveau-blouse-juul-pink-laurence-bras\/","title":{"rendered":"LAURENCE BRAS Blouse Juul Pink -40%"},"content":{"rendered":"<p>Blouse en coton coupe ample \u00e0 larges rayures, encolure v, manches longues et poignets resserr\u00e9s.<\/p>\n<p>D\u00e9tail : 100% coton<\/p>\n","protected":false},"excerpt":{"rendered":"<p>Blouse en coton coupe ample \u00e0 larges rayures, encolure v, manches longues et poignets resserr\u00e9s. D\u00e9tail : 100% coton<\/p>\n","protected":false},"featured_media":709649,"comment_status":"open","ping_status":"closed","template":"","meta":[],"product_brand":[],"product_cat":[1756,1762],"product_tag":[2244],"acf":[],"_links":{"self":[{"href":"https:\/\/streetmarkets.fr\/app\/wp-json\/wp\/v2\/product\/709648"}],"collection":[{"href":"https:\/\/streetmarkets.fr\/app\/wp-json\/wp\/v2\/product"}],"about":[{"href":"https:\/\/streetmarkets.fr\/app\/wp-json\/wp\/v2\/types\/product"}],"replies":[{"embeddable":true,"href":"https:\/\/streetmarkets.fr\/app\/wp-json\/wp\/v2\/comments?post=709648"}],"wp:featuredmedia":[{"embeddable":true,"href":"https:\/\/streetmarkets.fr\/app\/wp-json\/wp\/v2\/media\/709649"}],"wp:attachment":[{"href":"https:\/\/streetmarkets.fr\/app\/wp-json\/wp\/v2\/media?parent=709648"}],"wp:term":[{"taxonomy":"product_brand","embeddable":true,"href":"https:\/\/streetmarkets.fr\/app\/wp-json\/wp\/v2\/product_brand?post=709648"},{"taxonomy":"product_cat","embeddable":true,"href":"https:\/\/streetmarkets.fr\/app\/wp-json\/wp\/v2\/product_cat?post=709648"},{"taxonomy":"product_tag","embeddable":true,"href":"https:\/\/streetmarkets.fr\/app\/wp-json\/wp\/v2\/product_tag?post=709648"}],"curies":[{"name":"wp","href":"https:\/\/api.w.org\/{rel}","templated":true}]}}