{"id":709606,"date":"2024-10-15T16:48:05","date_gmt":"2024-10-15T14:48:05","guid":{"rendered":"https:\/\/streetmarkets.fr\/app\/produit\/nouveau-jupe-neweaston-black-laurence-bras\/"},"modified":"2025-08-04T02:00:21","modified_gmt":"2025-08-04T00:00:21","slug":"nouveau-jupe-neweaston-black-laurence-bras","status":"publish","type":"product","link":"https:\/\/streetmarkets.fr\/app\/produit\/nouveau-jupe-neweaston-black-laurence-bras\/","title":{"rendered":"LAURENCE BRAS Jupe Neweaston Black -40%"},"content":{"rendered":"<p class=\"\">Jupe longue en laine, taille \u00e9lastique, fluide, chaude et \u00e9l\u00e9gante. <\/p>\n<p class=\"\">D\u00e9tail : 100% laine m\u00e9rinos<\/p>\n","protected":false},"excerpt":{"rendered":"<p>Jupe longue en laine, taille \u00e9lastique, fluide, chaude et \u00e9l\u00e9gante. D\u00e9tail : 100% laine m\u00e9rinos<\/p>\n","protected":false},"featured_media":709607,"comment_status":"open","ping_status":"closed","template":"","meta":[],"product_brand":[],"product_cat":[1756,1762],"product_tag":[2244],"acf":[],"_links":{"self":[{"href":"https:\/\/streetmarkets.fr\/app\/wp-json\/wp\/v2\/product\/709606"}],"collection":[{"href":"https:\/\/streetmarkets.fr\/app\/wp-json\/wp\/v2\/product"}],"about":[{"href":"https:\/\/streetmarkets.fr\/app\/wp-json\/wp\/v2\/types\/product"}],"replies":[{"embeddable":true,"href":"https:\/\/streetmarkets.fr\/app\/wp-json\/wp\/v2\/comments?post=709606"}],"wp:featuredmedia":[{"embeddable":true,"href":"https:\/\/streetmarkets.fr\/app\/wp-json\/wp\/v2\/media\/709607"}],"wp:attachment":[{"href":"https:\/\/streetmarkets.fr\/app\/wp-json\/wp\/v2\/media?parent=709606"}],"wp:term":[{"taxonomy":"product_brand","embeddable":true,"href":"https:\/\/streetmarkets.fr\/app\/wp-json\/wp\/v2\/product_brand?post=709606"},{"taxonomy":"product_cat","embeddable":true,"href":"https:\/\/streetmarkets.fr\/app\/wp-json\/wp\/v2\/product_cat?post=709606"},{"taxonomy":"product_tag","embeddable":true,"href":"https:\/\/streetmarkets.fr\/app\/wp-json\/wp\/v2\/product_tag?post=709606"}],"curies":[{"name":"wp","href":"https:\/\/api.w.org\/{rel}","templated":true}]}}